{"id":79,"date":"2014-09-18T16:03:13","date_gmt":"2014-09-18T14:03:13","guid":{"rendered":"http:\/\/wordpress.seemannschoroldenburg.de\/?page_id=79"},"modified":"2025-12-10T15:34:13","modified_gmt":"2025-12-10T13:34:13","slug":"geschichte","status":"publish","type":"page","link":"https:\/\/www.seemannschoroldenburg.de\/?page_id=79","title":{"rendered":"Geschichte"},"content":{"rendered":"<p><span class=\"xr_tl\">Der Seemanns Chor Oldenburg wurde am 07.11.1989 gegr\u00fcndet. Bei der Gr\u00fcndung bestand der Chor aus 16 Mitgliedern, zur Zeit sind es 29,<br \/><\/span><span class=\"xr_tl\">die alle von der Seefahrt tr\u00e4umen, bzw. selbst zur See gefahren sind.\u00a0<\/span><span class=\"xr_tl\">Der Chor hat bei vielen\u00a0gesellschaftlichen Auftritten mit Seemannsliedern, Shantys und D\u00f6ntjes seine\u00a0Zuh\u00f6rer begeistert, <\/span><span class=\"xr_tl\">f\u00fcr gute Laune gesorgt und viele Freunde in Stadt und Land gewonnen.\u00a0<\/span><\/p>\n<p><img loading=\"lazy\" decoding=\"async\" class=\"wp-image-326 aligncenter\" src=\"https:\/\/www.seemannschoroldenburg.de\/wp-content\/uploads\/2014\/10\/Alben.jpg\" alt=\"Alben\" width=\"297\" height=\"227\" srcset=\"https:\/\/www.seemannschoroldenburg.de\/wp-content\/uploads\/2014\/10\/Alben.jpg 561w, https:\/\/www.seemannschoroldenburg.de\/wp-content\/uploads\/2014\/10\/Alben-300x229.jpg 300w, https:\/\/www.seemannschoroldenburg.de\/wp-content\/uploads\/2014\/10\/Alben-100x76.jpg 100w, https:\/\/www.seemannschoroldenburg.de\/wp-content\/uploads\/2014\/10\/Alben-150x114.jpg 150w, https:\/\/www.seemannschoroldenburg.de\/wp-content\/uploads\/2014\/10\/Alben-200x152.jpg 200w, https:\/\/www.seemannschoroldenburg.de\/wp-content\/uploads\/2014\/10\/Alben-450x344.jpg 450w\" sizes=\"auto, (max-width: 297px) 100vw, 297px\" \/> Seit der Gr\u00fcndung hat ein Mitglied nahezu alles (Fotos, Plakate, Zeitungsartikel etc.) akribisch gesammelt und in zwei dicken Ordnern chronologisch abgelegt. \u00a0 \u00a0 \u00a0 \u00a0 \u00a0 \u00a0 \u00a0 \u00a0 \u00a0 \u00a0 \u00a0 \u00a0 \u00a0 \u00a0 \u00a0 \u00a0 \u00a0 \u00a0 \u00a0 \u00a0 \u00a0 \u00a0 \u00a0 \u00a0 \u00a0 \u00a0 \u00a0 \u00a0 \u00a0 \u00a0 \u00a0 \u00a0 \u00a0 \u00a0 \u00a0 \u00a0 \u00a0 \u00a0 \u00a0 \u00a0 \u00a0 \u00a0 \u00a0 \u00a0 \u00a0 \u00a0 \u00a0 \u00a0 \u00a0 \u00a0 \u00a0 \u00a0 \u00a0 \u00a0 \u00a0 \u00a0 \u00a0 \u00a0 \u00a0 \u00a0 \u00a0 \u00a0 \u00a0 \u00a0 \u00a0 \u00a0 \u00a0 \u00a0 \u00a0 \u00a0 \u00a0 \u00a0 \u00a0 \u00a0 \u00a0 \u00a0 \u00a0 \u00a0 \u00a0 \u00a0 \u00a0 \u00a0 \u00a0 \u00a0 \u00a0 \u00a0 \u00a0\u00a0<\/p>\n<p><a style=\"display: inline !important;\" href=\"https:\/\/www.seemannschoroldenburg.de\/wp-content\/uploads\/2014\/10\/1.Auftritt.jpg\"><img loading=\"lazy\" decoding=\"async\" class=\"wp-image-327 size-medium aligncenter\" src=\"https:\/\/www.seemannschoroldenburg.de\/wp-content\/uploads\/2014\/10\/1.Auftritt-240x300.jpg\" alt=\"1.Auftritt\" width=\"240\" height=\"300\" srcset=\"https:\/\/www.seemannschoroldenburg.de\/wp-content\/uploads\/2014\/10\/1.Auftritt-240x300.jpg 240w, https:\/\/www.seemannschoroldenburg.de\/wp-content\/uploads\/2014\/10\/1.Auftritt-100x124.jpg 100w, https:\/\/www.seemannschoroldenburg.de\/wp-content\/uploads\/2014\/10\/1.Auftritt-150x187.jpg 150w, https:\/\/www.seemannschoroldenburg.de\/wp-content\/uploads\/2014\/10\/1.Auftritt-200x249.jpg 200w, https:\/\/www.seemannschoroldenburg.de\/wp-content\/uploads\/2014\/10\/1.Auftritt-300x374.jpg 300w, https:\/\/www.seemannschoroldenburg.de\/wp-content\/uploads\/2014\/10\/1.Auftritt-450x561.jpg 450w, https:\/\/www.seemannschoroldenburg.de\/wp-content\/uploads\/2014\/10\/1.Auftritt-600x749.jpg 600w, https:\/\/www.seemannschoroldenburg.de\/wp-content\/uploads\/2014\/10\/1.Auftritt.jpg 607w\" sizes=\"auto, (max-width: 240px) 100vw, 240px\" \/><\/a><\/p>\n<p style=\"text-align: center;\">&#8222;Playlist&#8220; vom 1. Auftritt \u00a0 22.08.1990<\/p>\n<p style=\"text-align: center;\">25. Auftritt 07.06.1992 in Wardenburg Autohaus Rude und Kramer<\/p>\n<p style=\"text-align: center;\"><span style=\"text-decoration: underline;\">50. Auftritt<\/span> 07.11.1993 in Oldenburg &#8211; Hafenkonzert<\/p>\n<figure id=\"attachment_527\" aria-describedby=\"caption-attachment-527\" style=\"width: 675px\" class=\"wp-caption alignleft\"><a style=\"display: inline !important;\" href=\"https:\/\/www.seemannschoroldenburg.de\/wp-content\/uploads\/2014\/10\/HK-1089-in-OL-a.jpg\"><img loading=\"lazy\" decoding=\"async\" class=\"wp-image-527\" src=\"https:\/\/www.seemannschoroldenburg.de\/wp-content\/uploads\/2014\/10\/HK-1089-in-OL-a.jpg\" alt=\"1089. Hafenkonzert von Radio Bremen aus der Weser-Ems-Halle Oldenburg - 07.11.1993\" width=\"675\" height=\"382\" srcset=\"https:\/\/www.seemannschoroldenburg.de\/wp-content\/uploads\/2014\/10\/HK-1089-in-OL-a.jpg 875w, https:\/\/www.seemannschoroldenburg.de\/wp-content\/uploads\/2014\/10\/HK-1089-in-OL-a-300x169.jpg 300w, https:\/\/www.seemannschoroldenburg.de\/wp-content\/uploads\/2014\/10\/HK-1089-in-OL-a-100x56.jpg 100w, https:\/\/www.seemannschoroldenburg.de\/wp-content\/uploads\/2014\/10\/HK-1089-in-OL-a-150x84.jpg 150w, https:\/\/www.seemannschoroldenburg.de\/wp-content\/uploads\/2014\/10\/HK-1089-in-OL-a-200x113.jpg 200w, https:\/\/www.seemannschoroldenburg.de\/wp-content\/uploads\/2014\/10\/HK-1089-in-OL-a-450x254.jpg 450w, https:\/\/www.seemannschoroldenburg.de\/wp-content\/uploads\/2014\/10\/HK-1089-in-OL-a-600x339.jpg 600w\" sizes=\"auto, (max-width: 675px) 100vw, 675px\" \/><\/a><figcaption id=\"caption-attachment-527\" class=\"wp-caption-text\">1089. Hafenkonzert von Radio Bremen aus der Weser-Ems-Halle Oldenburg &#8211; 07.11.1993<\/figcaption><\/figure>\n<p><span style=\"text-decoration: underline;\">5 Jahre Seemanns Chor Oldenburg<br \/><\/span>Fr\u00fchschoppen in der Gastst\u00e4tte &#8222;Zum Schiefen Stiefel&#8220; am 23.10.1994 um 11:00 Uhr<br \/>Der Reinerl\u00f6s der Veranstaltung wurde dem Schulschiffverein GROSSHERZOGIN ELISABETH \u00a0zur Verf\u00fcgung gestellt.<\/p>\n<figure id=\"attachment_401\" aria-describedby=\"caption-attachment-401\" style=\"width: 586px\" class=\"wp-caption aligncenter\"><a href=\"https:\/\/www.seemannschoroldenburg.de\/wp-content\/uploads\/2014\/10\/patenschafta.jpg\"><img loading=\"lazy\" decoding=\"async\" class=\"wp-image-401 size-full\" src=\"https:\/\/www.seemannschoroldenburg.de\/wp-content\/uploads\/2014\/10\/patenschafta.jpg\" alt=\"Spende \u00fcber 500 DM - Fr\u00fchschoppenkonzert zum f\u00fcnfj\u00e4hrigen Bestehen\" width=\"586\" height=\"849\" srcset=\"https:\/\/www.seemannschoroldenburg.de\/wp-content\/uploads\/2014\/10\/patenschafta.jpg 586w, https:\/\/www.seemannschoroldenburg.de\/wp-content\/uploads\/2014\/10\/patenschafta-207x300.jpg 207w, https:\/\/www.seemannschoroldenburg.de\/wp-content\/uploads\/2014\/10\/patenschafta-100x144.jpg 100w, https:\/\/www.seemannschoroldenburg.de\/wp-content\/uploads\/2014\/10\/patenschafta-150x217.jpg 150w, https:\/\/www.seemannschoroldenburg.de\/wp-content\/uploads\/2014\/10\/patenschafta-200x289.jpg 200w, https:\/\/www.seemannschoroldenburg.de\/wp-content\/uploads\/2014\/10\/patenschafta-300x434.jpg 300w, https:\/\/www.seemannschoroldenburg.de\/wp-content\/uploads\/2014\/10\/patenschafta-450x651.jpg 450w\" sizes=\"auto, (max-width: 586px) 100vw, 586px\" \/><\/a><figcaption id=\"caption-attachment-401\" class=\"wp-caption-text\">Spende \u00fcber 500 DM &#8211; Fr\u00fchschoppenkonzert zum f\u00fcnfj\u00e4hrigen Bestehen<\/figcaption><\/figure>\n<p style=\"text-align: center;\"><span style=\"text-decoration: underline;\">75. Auftritt<\/span> 13.05.1995 &#8211; 75 Jahre Oldenburger Yacht-Club e.V.<\/p>\n<p style=\"text-align: center;\">Erste \u00a0CD am 02.12.1995<\/p>\n<p style=\"text-align: center;\"><span style=\"text-decoration: underline;\">100. Auftritt<\/span> 22.03.1996 auf der MS Baltic Star von Travem\u00fcnde nach Rodby<\/p>\n<figure id=\"attachment_535\" aria-describedby=\"caption-attachment-535\" style=\"width: 570px\" class=\"wp-caption aligncenter\"><a href=\"https:\/\/www.seemannschoroldenburg.de\/wp-content\/uploads\/2014\/10\/MS-Baltic-a.jpg\"><img loading=\"lazy\" decoding=\"async\" class=\"size-full wp-image-535\" src=\"https:\/\/www.seemannschoroldenburg.de\/wp-content\/uploads\/2014\/10\/MS-Baltic-a.jpg\" alt=\"Konzert auf der MS Baltic Star 22.03.1996\" width=\"570\" height=\"345\" srcset=\"https:\/\/www.seemannschoroldenburg.de\/wp-content\/uploads\/2014\/10\/MS-Baltic-a.jpg 570w, https:\/\/www.seemannschoroldenburg.de\/wp-content\/uploads\/2014\/10\/MS-Baltic-a-300x181.jpg 300w, https:\/\/www.seemannschoroldenburg.de\/wp-content\/uploads\/2014\/10\/MS-Baltic-a-100x60.jpg 100w, https:\/\/www.seemannschoroldenburg.de\/wp-content\/uploads\/2014\/10\/MS-Baltic-a-150x90.jpg 150w, https:\/\/www.seemannschoroldenburg.de\/wp-content\/uploads\/2014\/10\/MS-Baltic-a-200x121.jpg 200w, https:\/\/www.seemannschoroldenburg.de\/wp-content\/uploads\/2014\/10\/MS-Baltic-a-450x272.jpg 450w\" sizes=\"auto, (max-width: 570px) 100vw, 570px\" \/><\/a><figcaption id=\"caption-attachment-535\" class=\"wp-caption-text\">Konzert auf der MS Baltic Star 22.03.1996<\/figcaption><\/figure>\n<p style=\"text-align: center;\"><span style=\"text-decoration: underline;\">125. Auftritt<\/span> 31.08.1997 Sandy-Fest in Sandkrug<\/p>\n<p style=\"text-align: center;\"><span style=\"text-decoration: underline;\">150. Auftritt<\/span> 17.04.1999 Goldene Hochzeit bei Speckmann<\/p>\n<p style=\"text-align: center;\">10 Jahre Seemanns Chor Oldenburg<br \/>Fr\u00fchschoppen in der Gastst\u00e4tte &#8222;Zum Schiefen Stiefel&#8220; am 07.11.1999 um 11:00 Uhr<\/p>\n<figure id=\"attachment_150\" aria-describedby=\"caption-attachment-150\" style=\"width: 180px\" class=\"wp-caption aligncenter\"><a href=\"https:\/\/www.seemannschoroldenburg.de\/wp-content\/uploads\/2014\/12\/Fia.pdf\"><img loading=\"lazy\" decoding=\"async\" class=\"wp-image-150\" src=\"https:\/\/www.seemannschoroldenburg.de\/wp-content\/uploads\/2014\/09\/old-jubi.jpg\" alt=\"Click zum Folder aus dem Jahr 2014\" width=\"180\" height=\"180\" \/><\/a><figcaption id=\"caption-attachment-150\" class=\"wp-caption-text\">Click zum Folder von 2014<\/figcaption><\/figure>\n<p>&nbsp;<\/p>\n<figure id=\"attachment_762\" aria-describedby=\"caption-attachment-762\" style=\"width: 1017px\" class=\"wp-caption aligncenter\"><img loading=\"lazy\" decoding=\"async\" class=\"size-full wp-image-762\" src=\"https:\/\/www.seemannschoroldenburg.de\/wp-content\/uploads\/2014\/11\/Probe.jpg\" alt=\"\" width=\"1017\" height=\"485\" srcset=\"https:\/\/www.seemannschoroldenburg.de\/wp-content\/uploads\/2014\/11\/Probe.jpg 1017w, https:\/\/www.seemannschoroldenburg.de\/wp-content\/uploads\/2014\/11\/Probe-300x143.jpg 300w, https:\/\/www.seemannschoroldenburg.de\/wp-content\/uploads\/2014\/11\/Probe-100x47.jpg 100w, https:\/\/www.seemannschoroldenburg.de\/wp-content\/uploads\/2014\/11\/Probe-150x71.jpg 150w, https:\/\/www.seemannschoroldenburg.de\/wp-content\/uploads\/2014\/11\/Probe-200x95.jpg 200w, https:\/\/www.seemannschoroldenburg.de\/wp-content\/uploads\/2014\/11\/Probe-450x214.jpg 450w, https:\/\/www.seemannschoroldenburg.de\/wp-content\/uploads\/2014\/11\/Probe-600x286.jpg 600w, https:\/\/www.seemannschoroldenburg.de\/wp-content\/uploads\/2014\/11\/Probe-900x429.jpg 900w\" sizes=\"auto, (max-width: 1017px) 100vw, 1017px\" \/><figcaption id=\"caption-attachment-762\" class=\"wp-caption-text\">Chor-Probe 2014<\/figcaption><\/figure>\n<p>&nbsp;<\/p>\n<figure id=\"attachment_1664\" aria-describedby=\"caption-attachment-1664\" style=\"width: 982px\" class=\"wp-caption aligncenter\"><img loading=\"lazy\" decoding=\"async\" class=\"wp-image-1664 size-full\" src=\"https:\/\/www.seemannschoroldenburg.de\/wp-content\/uploads\/2016\/11\/Probe1-1.jpg\" alt=\"\" width=\"982\" height=\"370\" srcset=\"https:\/\/www.seemannschoroldenburg.de\/wp-content\/uploads\/2016\/11\/Probe1-1.jpg 982w, https:\/\/www.seemannschoroldenburg.de\/wp-content\/uploads\/2016\/11\/Probe1-1-300x113.jpg 300w, https:\/\/www.seemannschoroldenburg.de\/wp-content\/uploads\/2016\/11\/Probe1-1-768x289.jpg 768w, https:\/\/www.seemannschoroldenburg.de\/wp-content\/uploads\/2016\/11\/Probe1-1-100x38.jpg 100w, https:\/\/www.seemannschoroldenburg.de\/wp-content\/uploads\/2016\/11\/Probe1-1-150x57.jpg 150w, https:\/\/www.seemannschoroldenburg.de\/wp-content\/uploads\/2016\/11\/Probe1-1-200x75.jpg 200w, https:\/\/www.seemannschoroldenburg.de\/wp-content\/uploads\/2016\/11\/Probe1-1-450x170.jpg 450w, https:\/\/www.seemannschoroldenburg.de\/wp-content\/uploads\/2016\/11\/Probe1-1-600x226.jpg 600w, https:\/\/www.seemannschoroldenburg.de\/wp-content\/uploads\/2016\/11\/Probe1-1-900x339.jpg 900w\" sizes=\"auto, (max-width: 982px) 100vw, 982px\" \/><figcaption id=\"caption-attachment-1664\" class=\"wp-caption-text\">Chor-Probe &#8211; 2016<\/figcaption><\/figure>\n<p>&nbsp;<\/p>\n<figure id=\"attachment_1887\" aria-describedby=\"caption-attachment-1887\" style=\"width: 605px\" class=\"wp-caption aligncenter\"><img loading=\"lazy\" decoding=\"async\" class=\"wp-image-1887 size-large\" src=\"https:\/\/www.seemannschoroldenburg.de\/wp-content\/uploads\/2017\/03\/IMG-20170313-WA0003-1024x768.jpg\" alt=\"\" width=\"605\" height=\"454\" srcset=\"https:\/\/www.seemannschoroldenburg.de\/wp-content\/uploads\/2017\/03\/IMG-20170313-WA0003-1024x768.jpg 1024w, https:\/\/www.seemannschoroldenburg.de\/wp-content\/uploads\/2017\/03\/IMG-20170313-WA0003-300x225.jpg 300w, https:\/\/www.seemannschoroldenburg.de\/wp-content\/uploads\/2017\/03\/IMG-20170313-WA0003-768x576.jpg 768w, https:\/\/www.seemannschoroldenburg.de\/wp-content\/uploads\/2017\/03\/IMG-20170313-WA0003-100x75.jpg 100w, https:\/\/www.seemannschoroldenburg.de\/wp-content\/uploads\/2017\/03\/IMG-20170313-WA0003-150x113.jpg 150w, https:\/\/www.seemannschoroldenburg.de\/wp-content\/uploads\/2017\/03\/IMG-20170313-WA0003-200x150.jpg 200w, https:\/\/www.seemannschoroldenburg.de\/wp-content\/uploads\/2017\/03\/IMG-20170313-WA0003-450x338.jpg 450w, https:\/\/www.seemannschoroldenburg.de\/wp-content\/uploads\/2017\/03\/IMG-20170313-WA0003-600x450.jpg 600w, https:\/\/www.seemannschoroldenburg.de\/wp-content\/uploads\/2017\/03\/IMG-20170313-WA0003-900x675.jpg 900w, https:\/\/www.seemannschoroldenburg.de\/wp-content\/uploads\/2017\/03\/IMG-20170313-WA0003.jpg 1600w\" sizes=\"auto, (max-width: 605px) 100vw, 605px\" \/><figcaption id=\"caption-attachment-1887\" class=\"wp-caption-text\">Chor im M\u00e4rz 2017<\/figcaption><\/figure>\n<p>&nbsp;<\/p>\n<figure id=\"attachment_2111\" aria-describedby=\"caption-attachment-2111\" style=\"width: 1026px\" class=\"wp-caption aligncenter\"><a href=\"https:\/\/www.seemannschoroldenburg.de\/wp-content\/uploads\/2017\/12\/chor1-e1521140167347.jpg\"><img loading=\"lazy\" decoding=\"async\" class=\"wp-image-2111 size-full\" src=\"https:\/\/www.seemannschoroldenburg.de\/wp-content\/uploads\/2017\/12\/chor1-e1521140167347.jpg\" alt=\"\" width=\"1026\" height=\"520\" srcset=\"https:\/\/www.seemannschoroldenburg.de\/wp-content\/uploads\/2017\/12\/chor1-e1521140167347.jpg 1026w, https:\/\/www.seemannschoroldenburg.de\/wp-content\/uploads\/2017\/12\/chor1-e1521140167347-300x152.jpg 300w, https:\/\/www.seemannschoroldenburg.de\/wp-content\/uploads\/2017\/12\/chor1-e1521140167347-768x389.jpg 768w, https:\/\/www.seemannschoroldenburg.de\/wp-content\/uploads\/2017\/12\/chor1-e1521140167347-1024x519.jpg 1024w, https:\/\/www.seemannschoroldenburg.de\/wp-content\/uploads\/2017\/12\/chor1-e1521140167347-100x51.jpg 100w, https:\/\/www.seemannschoroldenburg.de\/wp-content\/uploads\/2017\/12\/chor1-e1521140167347-150x76.jpg 150w, https:\/\/www.seemannschoroldenburg.de\/wp-content\/uploads\/2017\/12\/chor1-e1521140167347-200x101.jpg 200w, https:\/\/www.seemannschoroldenburg.de\/wp-content\/uploads\/2017\/12\/chor1-e1521140167347-450x228.jpg 450w, https:\/\/www.seemannschoroldenburg.de\/wp-content\/uploads\/2017\/12\/chor1-e1521140167347-600x304.jpg 600w, https:\/\/www.seemannschoroldenburg.de\/wp-content\/uploads\/2017\/12\/chor1-e1521140167347-900x456.jpg 900w\" sizes=\"auto, (max-width: 1026px) 100vw, 1026px\" \/><\/a><figcaption id=\"caption-attachment-2111\" class=\"wp-caption-text\">Dezember 2017 in Bremerhaven<\/figcaption><\/figure>\n<p>&nbsp;<\/p>\n<figure id=\"attachment_3007\" aria-describedby=\"caption-attachment-3007\" style=\"width: 605px\" class=\"wp-caption aligncenter\"><a href=\"https:\/\/www.seemannschoroldenburg.de\/wp-content\/uploads\/2020\/01\/Seemannschor-Oldenburg_Doetlingen.jpg\"><img loading=\"lazy\" decoding=\"async\" class=\"wp-image-3007 size-large\" src=\"https:\/\/www.seemannschoroldenburg.de\/wp-content\/uploads\/2020\/01\/Seemannschor-Oldenburg_Doetlingen-1024x653.jpg\" alt=\"\" width=\"605\" height=\"386\" srcset=\"https:\/\/www.seemannschoroldenburg.de\/wp-content\/uploads\/2020\/01\/Seemannschor-Oldenburg_Doetlingen.jpg 1024w, https:\/\/www.seemannschoroldenburg.de\/wp-content\/uploads\/2020\/01\/Seemannschor-Oldenburg_Doetlingen-300x191.jpg 300w, https:\/\/www.seemannschoroldenburg.de\/wp-content\/uploads\/2020\/01\/Seemannschor-Oldenburg_Doetlingen-768x490.jpg 768w, https:\/\/www.seemannschoroldenburg.de\/wp-content\/uploads\/2020\/01\/Seemannschor-Oldenburg_Doetlingen-100x64.jpg 100w, https:\/\/www.seemannschoroldenburg.de\/wp-content\/uploads\/2020\/01\/Seemannschor-Oldenburg_Doetlingen-150x96.jpg 150w, https:\/\/www.seemannschoroldenburg.de\/wp-content\/uploads\/2020\/01\/Seemannschor-Oldenburg_Doetlingen-200x128.jpg 200w, https:\/\/www.seemannschoroldenburg.de\/wp-content\/uploads\/2020\/01\/Seemannschor-Oldenburg_Doetlingen-450x287.jpg 450w, https:\/\/www.seemannschoroldenburg.de\/wp-content\/uploads\/2020\/01\/Seemannschor-Oldenburg_Doetlingen-600x383.jpg 600w, https:\/\/www.seemannschoroldenburg.de\/wp-content\/uploads\/2020\/01\/Seemannschor-Oldenburg_Doetlingen-900x574.jpg 900w\" sizes=\"auto, (max-width: 605px) 100vw, 605px\" \/><\/a><figcaption id=\"caption-attachment-3007\" class=\"wp-caption-text\">28.01.2020 in D\u00f6tlingen<\/figcaption><\/figure>\n<p>&nbsp;<\/p>\n<figure id=\"attachment_3708\" aria-describedby=\"caption-attachment-3708\" style=\"width: 1262px\" class=\"wp-caption alignnone\"><a href=\"https:\/\/www.seemannschoroldenburg.de\/wp-content\/uploads\/2022\/09\/DSLH5.jpg\"><img loading=\"lazy\" decoding=\"async\" class=\"size-full wp-image-3708\" src=\"https:\/\/www.seemannschoroldenburg.de\/wp-content\/uploads\/2022\/09\/DSLH5.jpg\" alt=\"\" width=\"1262\" height=\"790\" \/><\/a><figcaption id=\"caption-attachment-3708\" class=\"wp-caption-text\">Lindenhof &#8211; D\u00e4mmerschoppen 26.08.2022<\/figcaption><\/figure>\n<p>&nbsp;<\/p>\n<figure id=\"attachment_4285\" aria-describedby=\"caption-attachment-4285\" style=\"width: 1111px\" class=\"wp-caption alignnone\"><a href=\"https:\/\/www.seemannschoroldenburg.de\/wp-content\/uploads\/2023\/11\/probe3.png\"><img loading=\"lazy\" decoding=\"async\" class=\"wp-image-4285 size-full\" src=\"https:\/\/www.seemannschoroldenburg.de\/wp-content\/uploads\/2023\/11\/probe3.png\" alt=\"\" width=\"1111\" height=\"605\" srcset=\"https:\/\/www.seemannschoroldenburg.de\/wp-content\/uploads\/2023\/11\/probe3.png 1111w, https:\/\/www.seemannschoroldenburg.de\/wp-content\/uploads\/2023\/11\/probe3-300x163.png 300w, https:\/\/www.seemannschoroldenburg.de\/wp-content\/uploads\/2023\/11\/probe3-1024x558.png 1024w, https:\/\/www.seemannschoroldenburg.de\/wp-content\/uploads\/2023\/11\/probe3-768x418.png 768w, https:\/\/www.seemannschoroldenburg.de\/wp-content\/uploads\/2023\/11\/probe3-100x54.png 100w, https:\/\/www.seemannschoroldenburg.de\/wp-content\/uploads\/2023\/11\/probe3-150x82.png 150w, https:\/\/www.seemannschoroldenburg.de\/wp-content\/uploads\/2023\/11\/probe3-200x109.png 200w, https:\/\/www.seemannschoroldenburg.de\/wp-content\/uploads\/2023\/11\/probe3-450x245.png 450w, https:\/\/www.seemannschoroldenburg.de\/wp-content\/uploads\/2023\/11\/probe3-600x327.png 600w, https:\/\/www.seemannschoroldenburg.de\/wp-content\/uploads\/2023\/11\/probe3-900x490.png 900w\" sizes=\"auto, (max-width: 1111px) 100vw, 1111px\" \/><\/a><figcaption id=\"caption-attachment-4285\" class=\"wp-caption-text\">Chorprobe 08.11.2023<\/figcaption><\/figure>\n<p><a href=\"https:\/\/www.facebook.com\/Seemannschor-Oldenburg-550666038611382\/\"><img loading=\"lazy\" decoding=\"async\" class=\"aligncenter wp-image-4489\" src=\"https:\/\/www.seemannschoroldenburg.de\/wp-content\/uploads\/2024\/09\/img.icons8_.png\" alt=\"\" width=\"100\" height=\"100\" \/><\/a><\/p>\n<p><a href=\"https:\/\/www.seemannschoroldenburg.de\/wp-content\/uploads\/2017\/01\/www-logo-TEXT.png\"><img loading=\"lazy\" decoding=\"async\" class=\"size-full wp-image-1760 aligncenter\" src=\"https:\/\/www.seemannschoroldenburg.de\/wp-content\/uploads\/2017\/01\/www-logo-TEXT.png\" alt=\"\" width=\"986\" height=\"79\" srcset=\"https:\/\/www.seemannschoroldenburg.de\/wp-content\/uploads\/2017\/01\/www-logo-TEXT.png 986w, https:\/\/www.seemannschoroldenburg.de\/wp-content\/uploads\/2017\/01\/www-logo-TEXT-300x24.png 300w, https:\/\/www.seemannschoroldenburg.de\/wp-content\/uploads\/2017\/01\/www-logo-TEXT-768x62.png 768w, https:\/\/www.seemannschoroldenburg.de\/wp-content\/uploads\/2017\/01\/www-logo-TEXT-100x8.png 100w, https:\/\/www.seemannschoroldenburg.de\/wp-content\/uploads\/2017\/01\/www-logo-TEXT-150x12.png 150w, https:\/\/www.seemannschoroldenburg.de\/wp-content\/uploads\/2017\/01\/www-logo-TEXT-200x16.png 200w, https:\/\/www.seemannschoroldenburg.de\/wp-content\/uploads\/2017\/01\/www-logo-TEXT-450x36.png 450w, https:\/\/www.seemannschoroldenburg.de\/wp-content\/uploads\/2017\/01\/www-logo-TEXT-600x48.png 600w, https:\/\/www.seemannschoroldenburg.de\/wp-content\/uploads\/2017\/01\/www-logo-TEXT-900x72.png 900w\" sizes=\"auto, (max-width: 986px) 100vw, 986px\" \/><\/a><\/p>\n\n\n\n","protected":false},"excerpt":{"rendered":"<p>Der Seemanns Chor Oldenburg wurde am 07.11.1989 gegr\u00fcndet. Bei der Gr\u00fcndung bestand der Chor aus 16 Mitgliedern, zur Zeit sind es 29,die alle von der Seefahrt tr\u00e4umen, bzw. selbst zur See gefahren sind.\u00a0Der Chor hat bei vielen\u00a0gesellschaftlichen Auftritten mit Seemannsliedern, &hellip;<\/p>\n<p class=\"read-more\"> <a class=\"more-link\" href=\"https:\/\/www.seemannschoroldenburg.de\/?page_id=79\"> <span class=\"screen-reader-text\">Geschichte<\/span> Read More &raquo;<\/a><\/p>\n","protected":false},"author":1,"featured_media":0,"parent":40,"menu_order":6,"comment_status":"closed","ping_status":"closed","template":"","meta":{"footnotes":""},"class_list":["post-79","page","type-page","status-publish","hentry"],"_links":{"self":[{"href":"https:\/\/www.seemannschoroldenburg.de\/index.php?rest_route=\/wp\/v2\/pages\/79","targetHints":{"allow":["GET"]}}],"collection":[{"href":"https:\/\/www.seemannschoroldenburg.de\/index.php?rest_route=\/wp\/v2\/pages"}],"about":[{"href":"https:\/\/www.seemannschoroldenburg.de\/index.php?rest_route=\/wp\/v2\/types\/page"}],"author":[{"embeddable":true,"href":"https:\/\/www.seemannschoroldenburg.de\/index.php?rest_route=\/wp\/v2\/users\/1"}],"replies":[{"embeddable":true,"href":"https:\/\/www.seemannschoroldenburg.de\/index.php?rest_route=%2Fwp%2Fv2%2Fcomments&post=79"}],"version-history":[{"count":121,"href":"https:\/\/www.seemannschoroldenburg.de\/index.php?rest_route=\/wp\/v2\/pages\/79\/revisions"}],"predecessor-version":[{"id":4798,"href":"https:\/\/www.seemannschoroldenburg.de\/index.php?rest_route=\/wp\/v2\/pages\/79\/revisions\/4798"}],"up":[{"embeddable":true,"href":"https:\/\/www.seemannschoroldenburg.de\/index.php?rest_route=\/wp\/v2\/pages\/40"}],"wp:attachment":[{"href":"https:\/\/www.seemannschoroldenburg.de\/index.php?rest_route=%2Fwp%2Fv2%2Fmedia&parent=79"}],"curies":[{"name":"wp","href":"https:\/\/api.w.org\/{rel}","templated":true}]}}