{"id":4327,"date":"2024-02-02T19:44:50","date_gmt":"2024-02-02T17:44:50","guid":{"rendered":"https:\/\/www.seemannschoroldenburg.de\/?page_id=4327"},"modified":"2025-01-15T18:27:37","modified_gmt":"2025-01-15T16:27:37","slug":"konzerte-24","status":"publish","type":"page","link":"https:\/\/www.seemannschoroldenburg.de\/?page_id=4327","title":{"rendered":"Konzerte &#8217;24"},"content":{"rendered":"\n<p class=\"has-text-align-center\">03.11.2024 &#8211; Er\u00f6ffnung Oldenburger Gr\u00fcnkohlmarkt &#8211; Rathausplatz (um 12, 14 und 17 Uhr)<\/p>\n\n\n\n<p class=\"has-text-align-center\">23.10.2024 &#8211; Herbstfest &#8211; B\u00fcsingstift Wallgraben<\/p>\n\n\n\n<p class=\"has-text-align-center\">29.09.2024 &#8211; Sommerfest &#8211; Haus am Wald &#8211; Ganderkesee<\/p>\n\n\n\n<p class=\"has-text-align-center\">15.09.2024 &#8211; Gartenfest &#8211; Pflegeeinrichtung Schramperweg<\/p>\n\n\n<div class=\"wp-block-image\">\n<figure class=\"aligncenter size-full is-resized\"><a href=\"https:\/\/www.seemannschoroldenburg.de\/wp-content\/uploads\/2024\/09\/50-SCO.jpg\"><img loading=\"lazy\" decoding=\"async\" width=\"647\" height=\"691\" src=\"https:\/\/www.seemannschoroldenburg.de\/wp-content\/uploads\/2024\/09\/50-SCO.jpg\" alt=\"\" class=\"wp-image-4466\" style=\"width:400px\" srcset=\"https:\/\/www.seemannschoroldenburg.de\/wp-content\/uploads\/2024\/09\/50-SCO.jpg 647w, https:\/\/www.seemannschoroldenburg.de\/wp-content\/uploads\/2024\/09\/50-SCO-281x300.jpg 281w, https:\/\/www.seemannschoroldenburg.de\/wp-content\/uploads\/2024\/09\/50-SCO-100x107.jpg 100w, https:\/\/www.seemannschoroldenburg.de\/wp-content\/uploads\/2024\/09\/50-SCO-150x160.jpg 150w, https:\/\/www.seemannschoroldenburg.de\/wp-content\/uploads\/2024\/09\/50-SCO-200x214.jpg 200w, https:\/\/www.seemannschoroldenburg.de\/wp-content\/uploads\/2024\/09\/50-SCO-300x320.jpg 300w, https:\/\/www.seemannschoroldenburg.de\/wp-content\/uploads\/2024\/09\/50-SCO-450x481.jpg 450w, https:\/\/www.seemannschoroldenburg.de\/wp-content\/uploads\/2024\/09\/50-SCO-600x641.jpg 600w\" sizes=\"auto, (max-width: 647px) 100vw, 647px\" \/><\/a><\/figure>\n<\/div>\n\n\n<p class=\"has-text-align-center\">14.09.2024 &#8211; 50 Jahre Shantychor Oldenburg &#8211; Waffenplatz<\/p>\n\n\n<div class=\"wp-block-image\">\n<figure class=\"aligncenter size-full is-resized\"><a href=\"https:\/\/www.seemannschoroldenburg.de\/wp-content\/uploads\/2024\/09\/kf-13.png\"><img loading=\"lazy\" decoding=\"async\" width=\"408\" height=\"811\" src=\"https:\/\/www.seemannschoroldenburg.de\/wp-content\/uploads\/2024\/09\/kf-13.png\" alt=\"\" class=\"wp-image-4468\" style=\"width:300px\" srcset=\"https:\/\/www.seemannschoroldenburg.de\/wp-content\/uploads\/2024\/09\/kf-13.png 408w, https:\/\/www.seemannschoroldenburg.de\/wp-content\/uploads\/2024\/09\/kf-13-151x300.png 151w, https:\/\/www.seemannschoroldenburg.de\/wp-content\/uploads\/2024\/09\/kf-13-100x199.png 100w, https:\/\/www.seemannschoroldenburg.de\/wp-content\/uploads\/2024\/09\/kf-13-150x298.png 150w, https:\/\/www.seemannschoroldenburg.de\/wp-content\/uploads\/2024\/09\/kf-13-200x398.png 200w, https:\/\/www.seemannschoroldenburg.de\/wp-content\/uploads\/2024\/09\/kf-13-300x596.png 300w\" sizes=\"auto, (max-width: 408px) 100vw, 408px\" \/><\/a><\/figure>\n<\/div>\n\n\n<p class=\"has-text-align-center\">13.09.2024 &#8211; Kulturfestival Bloherfelde &#8211; Lindenhof<\/p>\n\n\n\n<p class=\"has-text-align-center\">10.09.2024 &#8211; Sommerfest &#8211; Pflegeeinrichtung Neerstedt<\/p>\n\n\n\n<p class=\"has-text-align-center\">29.08.2024 &#8211;  Sommerfest &#8211; Pflegeheim Rankenstrasse<\/p>\n\n\n\n<p class=\"has-text-align-center\">28.08.2024 &#8211; KOMMUNAL 2024 &#8211; Weser-Ems-Halle<\/p>\n\n\n\n<p class=\"has-text-align-center\">23.08.2024 &#8211; Gleispark &#8211; Offene B\u00fchne<\/p>\n\n\n\n<p class=\"has-text-align-center\">16.06.2024 &#8211; Klingenbergklause Oldenburg<\/p>\n\n\n\n<p class=\"has-text-align-center\">07.06.2024 &#8211; Caritas Oldenburg<\/p>\n\n\n\n<p class=\"has-text-align-center\">17.04.2024 OPEN STAGE im Cadillac<\/p>\n\n\n<div class=\"wp-block-image\">\n<figure class=\"aligncenter size-full is-resized\"><a href=\"https:\/\/www.seemannschoroldenburg.de\/wp-content\/uploads\/2024\/02\/Cadillac-2024.png\"><img decoding=\"async\" src=\"https:\/\/www.seemannschoroldenburg.de\/wp-content\/uploads\/2024\/02\/Cadillac-2024.png\" alt=\"\" class=\"wp-image-4330\" style=\"width:300px\"\/><\/a><\/figure>\n<\/div>\n\n\n<p class=\"has-text-align-center\">10.04.2024 RonaldMcDonaldhaus &#8211; Breewaterweg<\/p>\n\n\n\n<p class=\"has-text-align-center\">07.04.2024 Fr\u00fchjahrskonzert im Lindenhof<\/p>\n\n\n\n<p class=\"has-text-align-center\">16.03.2024 &#8211; SuPO in Bockhorn\/ Osterforde<\/p>\n","protected":false},"excerpt":{"rendered":"<p>03.11.2024 &#8211; Er\u00f6ffnung Oldenburger Gr\u00fcnkohlmarkt &#8211; Rathausplatz (um 12, 14 und 17 Uhr) 23.10.2024 &#8211; Herbstfest &#8211; B\u00fcsingstift Wallgraben 29.09.2024 &#8211; Sommerfest &#8211; Haus am Wald &#8211; Ganderkesee 15.09.2024 &#8211; Gartenfest &#8211; Pflegeeinrichtung Schramperweg 14.09.2024 &#8211; 50 Jahre Shantychor Oldenburg &hellip;<\/p>\n<p class=\"read-more\"> <a class=\"more-link\" href=\"https:\/\/www.seemannschoroldenburg.de\/?page_id=4327\"> <span class=\"screen-reader-text\">Konzerte &#8217;24<\/span> Read More &raquo;<\/a><\/p>\n","protected":false},"author":1,"featured_media":0,"parent":0,"menu_order":0,"comment_status":"closed","ping_status":"closed","template":"","meta":{"footnotes":""},"class_list":["post-4327","page","type-page","status-publish","hentry"],"_links":{"self":[{"href":"https:\/\/www.seemannschoroldenburg.de\/index.php?rest_route=\/wp\/v2\/pages\/4327","targetHints":{"allow":["GET"]}}],"collection":[{"href":"https:\/\/www.seemannschoroldenburg.de\/index.php?rest_route=\/wp\/v2\/pages"}],"about":[{"href":"https:\/\/www.seemannschoroldenburg.de\/index.php?rest_route=\/wp\/v2\/types\/page"}],"author":[{"embeddable":true,"href":"https:\/\/www.seemannschoroldenburg.de\/index.php?rest_route=\/wp\/v2\/users\/1"}],"replies":[{"embeddable":true,"href":"https:\/\/www.seemannschoroldenburg.de\/index.php?rest_route=%2Fwp%2Fv2%2Fcomments&post=4327"}],"version-history":[{"count":27,"href":"https:\/\/www.seemannschoroldenburg.de\/index.php?rest_route=\/wp\/v2\/pages\/4327\/revisions"}],"predecessor-version":[{"id":4570,"href":"https:\/\/www.seemannschoroldenburg.de\/index.php?rest_route=\/wp\/v2\/pages\/4327\/revisions\/4570"}],"wp:attachment":[{"href":"https:\/\/www.seemannschoroldenburg.de\/index.php?rest_route=%2Fwp%2Fv2%2Fmedia&parent=4327"}],"curies":[{"name":"wp","href":"https:\/\/api.w.org\/{rel}","templated":true}]}}