{"id":4,"date":"2014-09-18T08:26:13","date_gmt":"2014-09-18T06:26:13","guid":{"rendered":"http:\/\/wordpress.seemannschoroldenburg.de\/?page_id=4"},"modified":"2025-10-01T14:12:03","modified_gmt":"2025-10-01T12:12:03","slug":"impressum","status":"publish","type":"page","link":"https:\/\/www.seemannschoroldenburg.de\/?page_id=4","title":{"rendered":"Impressum"},"content":{"rendered":"<div id=\"main\" style=\"color: #666666;\">\n<div id=\"forbottom\">\n<section id=\"container\">\n<div id=\"content\" style=\"color: #333333;\">\n<div id=\"post-419\" class=\"post-419 page type-page status-publish hentry\">\n<p class=\"entry-title\" style=\"color: #0d85cc;\"><a href=\"https:\/\/www.seemannschoroldenburg.de\/wp-content\/uploads\/2014\/09\/logo-quad.jpg\"><img loading=\"lazy\" decoding=\"async\" class=\"alignleft wp-image-1698\" src=\"https:\/\/www.seemannschoroldenburg.de\/wp-content\/uploads\/2014\/09\/logo-quad.jpg\" alt=\"\" width=\"343\" height=\"347\" srcset=\"https:\/\/www.seemannschoroldenburg.de\/wp-content\/uploads\/2014\/09\/logo-quad.jpg 402w, https:\/\/www.seemannschoroldenburg.de\/wp-content\/uploads\/2014\/09\/logo-quad-297x300.jpg 297w, https:\/\/www.seemannschoroldenburg.de\/wp-content\/uploads\/2014\/09\/logo-quad-100x101.jpg 100w, https:\/\/www.seemannschoroldenburg.de\/wp-content\/uploads\/2014\/09\/logo-quad-150x151.jpg 150w, https:\/\/www.seemannschoroldenburg.de\/wp-content\/uploads\/2014\/09\/logo-quad-200x202.jpg 200w, https:\/\/www.seemannschoroldenburg.de\/wp-content\/uploads\/2014\/09\/logo-quad-300x303.jpg 300w\" sizes=\"auto, (max-width: 343px) 100vw, 343px\" \/><\/a><strong style=\"font-weight: bold;\">Herausgeber<br \/>\n<\/strong>Seemanns Chor Oldenburg e.V.\u00a0 \u00a0 <span style=\"color: #000000;\"><span style=\"font-size: medium;\">\u00a0<\/span><\/span><\/p>\n<div class=\"entry-content\">\n<p style=\"color: #333333;\"><span style=\"color: #000000;\"><span style=\"font-size: medium;\"><strong>Vorsitzender<br \/>\n<\/strong>Heiner K\u00f6nig &#8211; Joh-Hinr-Engelbart-Weg 9 &#8211; 26131 Oldenburg &#8211; 0172 7670944<\/span><\/span><span style=\"color: #000000;\"><span style=\"font-size: medium;\">\u00a0 \u00a0 \u00a0 \u00a0 \u00a0 \u00a0 \u00a0 \u00a0 \u00a0 \u00a0 \u00a0 \u00a0 \u00a0 \u00a0 \u00a0 \u00a0 \u00a0 \u00a0<\/span><\/span><\/p>\n<p><strong>Inhaltliche und technische Verantwortung<\/strong><br \/>\nChristian Behrens &#8211; 0152 08 97 49 11<\/p>\n<p><strong style=\"font-weight: bold;\">Marketing und \u00d6ffentlichkeitsarbeit<br \/>\n<\/strong>Rainer Onken &#8211; 0175 247 06 41<\/p>\n<p style=\"color: #333333;\"><strong>Mail: <\/strong>moin@seemannschoroldenburg.de<\/p>\n<p><span style=\"color: #000000;\"><strong>Bankverbindung\u00a0<\/strong>\u00a0Volksbank Oldenburg\u00a0\u00a0<\/span><span style=\"color: #000000;\">IBAN: DE 13 2806 1822 0057 1288 00<\/span><\/p>\n<p style=\"color: #333333;\"><strong style=\"font-weight: bold;\"> <a href=\"https:\/\/www.facebook.com\/Seemannschor-Oldenburg-550666038611382\/\"><img loading=\"lazy\" decoding=\"async\" class=\"alignnone wp-image-2037 size-medium\" src=\"https:\/\/www.seemannschoroldenburg.de\/wp-content\/uploads\/2017\/12\/facebook-logo-2-300x89.png\" alt=\"\" width=\"300\" height=\"89\" srcset=\"https:\/\/www.seemannschoroldenburg.de\/wp-content\/uploads\/2017\/12\/facebook-logo-2-300x89.png 300w, https:\/\/www.seemannschoroldenburg.de\/wp-content\/uploads\/2017\/12\/facebook-logo-2-768x228.png 768w, https:\/\/www.seemannschoroldenburg.de\/wp-content\/uploads\/2017\/12\/facebook-logo-2-100x30.png 100w, https:\/\/www.seemannschoroldenburg.de\/wp-content\/uploads\/2017\/12\/facebook-logo-2-150x45.png 150w, https:\/\/www.seemannschoroldenburg.de\/wp-content\/uploads\/2017\/12\/facebook-logo-2-200x59.png 200w, https:\/\/www.seemannschoroldenburg.de\/wp-content\/uploads\/2017\/12\/facebook-logo-2-450x134.png 450w, https:\/\/www.seemannschoroldenburg.de\/wp-content\/uploads\/2017\/12\/facebook-logo-2-600x178.png 600w, https:\/\/www.seemannschoroldenburg.de\/wp-content\/uploads\/2017\/12\/facebook-logo-2-900x267.png 900w, https:\/\/www.seemannschoroldenburg.de\/wp-content\/uploads\/2017\/12\/facebook-logo-2.png 997w\" sizes=\"auto, (max-width: 300px) 100vw, 300px\" \/><\/a><\/strong><\/p>\n<p><strong>Urheberrecht<\/strong><\/p>\n<p style=\"color: #333333;\">Das Layout der Homepage, die verwendeten Grafiken sowie die Sammlung der Beitr\u00e4ge sind urheberrechtlich gesch\u00fctzt. Die Seiten d\u00fcrfen nur zum privaten Gebrauch vervielf\u00e4ltigt, \u00c4nderungen nicht vorgenommen und Vervielf\u00e4ltigungsst\u00fccke weder verbreitet noch zu \u00f6ffentlichen Wiedergaben benutzt werden. Die einzelnen Beitr\u00e4ge sind ebenfalls urheberrechtlich gesch\u00fctzt; weitere Hinweise k\u00f6nnen ggf. dort nachgelesen werden. Alle Informationen auf diesem Server erfolgen ohne Gew\u00e4hr f\u00fcr ihre Richtigkeit. In keinem Fall wird f\u00fcr Sch\u00e4den, die sich aus der Verwendung der abgerufenen Informationen ergeben, eine Haftung \u00fcbernommen.<br \/>\nDie verwendeten Bilder stammen aus den folgenden Quellen: Seemanns Chor Oldenburg e.V.<\/p>\n<p><strong>Angaben gem\u00e4\u00df \u00a7 5 TMG<\/strong><\/p>\n<p>Seemanns Chor Oldenburg e.V.<br \/>\nJoh-Hinr-Engelbart-Weg 9 &#8211; 26131 Oldenburg<\/p>\n<p><strong>Gesetzliche Vertreter<\/strong><\/p>\n<p>MAIL: moin@seemannschoroldenburg.de<br \/>\nTEL:\u00a0 0172 7670944<br \/>\nFAX:\u00a0 \u00a0&#8212;<\/p>\n<p>Der Verein ist eingetragen beim Vereinsregister des Amtsgericht Oldenburg unter VR- Nr.: 2428<br \/>\nSteuer- ID-Nr.: FA OL 64\/220\/06970\u00a0 &#8211;\u00a0 K\u00f6rperschaftsteuerbefreiung gem. \u00a7 5 KStG<br \/>\nDatenschutzbeauftragter: N.N.<\/p>\n<p><strong>Anbieterkennung (Impressum)<\/strong><\/p>\n<p>Diese Anbieterkennung gilt auch f\u00fcr die Profile unseres Vereins auf den folgenden sozialen Netzwerken:<br \/>\nfacebook, whatsapp<\/p>\n<p><strong>Eingebettete Inhalte von anderen Websites<\/strong><\/p>\n<p>Beitr\u00e4ge auf dieser Website k\u00f6nnen eingebettete Inhalte beinhalten (z.\u00a0B. Videos, Bilder, Beitr\u00e4ge etc.). Eingebettete Inhalte von anderen Websites verhalten sich exakt so, als ob der Besucher die andere Website besucht h\u00e4tte.<\/p>\n<p>Diese Websites k\u00f6nnen Daten \u00fcber dich sammeln, Cookies benutzen, zus\u00e4tzliche Tracking-Dienste von Dritten einbetten und deine Interaktion mit diesem eingebetteten Inhalt aufzeichnen, inklusive deiner Interaktion mit dem eingebetteten Inhalt, falls du ein Konto hast und auf dieser Website angemeldet bist.<\/p>\n<p style=\"color: #333333;\"><strong style=\"font-weight: bold;\"><br \/>\nHaftungsausschluss<\/strong><\/p>\n<p style=\"color: #333333;\">1. Inhalt des Onlineangebotes<br \/>\nDer Autor \u00fcbernimmt keinerlei Gew\u00e4hr f\u00fcr die Aktualit\u00e4t, Korrektheit, Vollst\u00e4ndigkeit oder Qualit\u00e4t der bereitgestellten Informationen. Haftungsanspr\u00fcche gegen den Autor,welche sich auf Sch\u00e4den materieller oder ideeller Art beziehen, die durch die Nutzung oder Nichtnutzung der dargebotenen Informationen bzw. durch die Nutzung fehlerhafter und unvollst\u00e4ndiger Informationen verursacht wurden, sind grunds\u00e4tzlich ausgeschlossen, sofern seitens des Autors kein nachweislich vors\u00e4tzliches oder grob fahrl\u00e4ssiges Verschulden vorliegt. Alle Angebote sind freibleibend und unverbindlich. Der Autor beh\u00e4lt es sich ausdr\u00fccklich vor, Teile der Seiten oder das gesamte Angebot ohne gesonderte Ank\u00fcndigung zu ver\u00e4ndern, zu erg\u00e4nzen, zu l\u00f6schen oder die Ver\u00f6ffentlichung zeitweise oder endg\u00fcltig einzustellen.<\/p>\n<p style=\"color: #333333;\">2. Verweise und Links<br \/>\nBei direkten oder indirekten Verweisen auf fremde Webseiten (\u201cHyperlinks\u201d), die au\u00dferhalb des Verantwortungsbereiches des Autors liegen, w\u00fcrde eine Haftungsverpflichtung ausschlie\u00dflich in dem Fall in Kraft treten, in dem der Autor von den Inhalten Kenntnis hat und es ihm technisch m\u00f6glich und zumutbar w\u00e4re, die Nutzung im Falle rechtswidriger Inhalte zu verhindern. Der Autor erkl\u00e4rt hiermit ausdr\u00fccklich, dass zum Zeitpunkt der Linksetzung keine illegalen Inhalte auf den \u00a0verlinkten Seiten erkennbar waren. Auf die aktuelle und zuk\u00fcnftige Gestaltung, die Inhalte oder die Urheberschaft der gelinkten\/verkn\u00fcpften Seiten hat der Autor keinerlei Einfluss. Deshalb distanziert er sich hiermit ausdr\u00fccklich von allen Inhalten aller gelinkten \/verkn\u00fcpften Seiten, die nach der Linksetzung ver\u00e4ndert wurden. Diese Feststellung gilt f\u00fcr alle innerhalb des eigenen Internetangebotes gesetzten Links und Verweise sowie f\u00fcr Fremdeintr\u00e4ge in vom Autor eingerichteten G\u00e4steb\u00fcchern, Diskussionsforen und Mailinglisten. F\u00fcr illegale, fehlerhafte oder unvollst\u00e4ndige Inhalte und insbesondere f\u00fcr Sch\u00e4den, die aus der Nutzung oder Nichtnutzung solcherart dargebotener Informationen entstehen, haftet allein der Anbieter der Seite, auf welche verwiesen wurde, nicht derjenige, der \u00fcber Links auf die jeweilige Ver\u00f6ffentlichung lediglich verweist.<\/p>\n<p style=\"color: #333333;\">3. Urheber- und Kennzeichenrecht<br \/>\nDer Autor ist bestrebt, in allen Publikationen die Urheberrechte der verwendeten Grafiken, Tondokumente, Videosequenzen und Texte zu beachten, von ihm selbst erstellte Grafiken, Tondokumente, Videosequenzen und Texte zu nutzen oder auf lizenzfreie Grafiken, Tondokumente, Videosequenzen und Texte zur\u00fcckzugreifen. Alle innerhalb des Internetangebotes genannten und ggf. durch Dritte gesch\u00fctzten Marken- und Warenzeichen unterliegen uneingeschr\u00e4nkt den Bestimmungen des jeweils g\u00fcltigen Kennzeichenrechts und den Besitzrechten der jeweiligen eingetragenen Eigent\u00fcmer. Allein aufgrund der blo\u00dfen Nennung ist nicht der Schluss zu ziehen, dass Markenzeichen nicht durch Rechte Dritter gesch\u00fctzt sind! Das Copyright f\u00fcr ver\u00f6ffentlichte,vom Autor selbst erstellte Objekte bleibt allein beim Autor der Seiten. Eine Vervielf\u00e4ltigung oder Verwendung solcher Grafiken, Tondokumente, Videosequenzen und Texte in anderen elektronischen oder gedruckten Publikationen ist ohne ausdr\u00fcckliche Zustimmung des Autors nicht gestattet.<\/p>\n<p style=\"color: #333333;\">4. Datenschutz<br \/>\nSofern innerhalb des Internetangebotes die M\u00f6glichkeit zur Eingabe pers\u00f6nlicher oder gesch\u00e4ftlicher Daten Mailadresse, \u00a0Namen, \u00a0Anschrift) besteht, so erfolgt die Preisgabe dieser Daten seitens des Nutzers auf ausdr\u00fccklich freiwilliger Basis. Die Inanspruchnahme und Bezahlung aller angebotenen Dienste ist \u2013 soweit technisch m\u00f6glich und zumutbar \u2013 auch ohne Angabe solcher Daten bzw. unter Angabe anonymisierter Daten oder eines Pseudonyms gestattet. Die Nutzung der im Rahmen des Impressums oder vergleichbarer Angaben ver\u00f6ffentlichten Kontaktdaten wie Postanschriften, Telefon- und Faxnummern sowie Emailadressen durch Drittezur \u00dcbersendungvon nicht ausdr\u00fccklich angeforderten Informationen ist nicht gestattet. Rechtliche Schritte gegen die Versender von sogenannten Spam-Mails bei Verst\u00f6ssen gegen dieses Verbot sind ausdr\u00fccklich vorbehalten.<\/p>\n<p style=\"color: #333333;\">5. Rechtswirksamkeit dieses Haftungsausschlusses<br \/>\nDieser Haftungsausschluss ist als Teil des Internetangebotes zu betrachten. Sofern Teile oder einzelne Formulierungen dieses Textes der geltenden Rechtslage nicht, nicht mehr oder nicht vollst\u00e4ndig entsprechen sollten, bleiben die \u00fcbrigen Teile des Dokumentes in ihrem Inhalt und ihrer G\u00fcltigkeit davon unber\u00fchrt. weitere unter\u00a0<span style=\"color: #4040a0;\"><a style=\"color: #0d85cc;\" href=\"http:\/\/www.disclaimer.de\/\">http:\/\/www.disclaimer.de\/<\/a><\/span><\/p>\n<p style=\"color: #333333;\"><a href=\"https:\/\/www.seemannschoroldenburg.de\/wp-content\/uploads\/2017\/01\/www-logo-TEXT.png\"><img loading=\"lazy\" decoding=\"async\" class=\"alignnone size-full wp-image-1760\" src=\"https:\/\/www.seemannschoroldenburg.de\/wp-content\/uploads\/2017\/01\/www-logo-TEXT.png\" alt=\"\" width=\"986\" height=\"79\" srcset=\"https:\/\/www.seemannschoroldenburg.de\/wp-content\/uploads\/2017\/01\/www-logo-TEXT.png 986w, https:\/\/www.seemannschoroldenburg.de\/wp-content\/uploads\/2017\/01\/www-logo-TEXT-300x24.png 300w, https:\/\/www.seemannschoroldenburg.de\/wp-content\/uploads\/2017\/01\/www-logo-TEXT-768x62.png 768w, https:\/\/www.seemannschoroldenburg.de\/wp-content\/uploads\/2017\/01\/www-logo-TEXT-100x8.png 100w, https:\/\/www.seemannschoroldenburg.de\/wp-content\/uploads\/2017\/01\/www-logo-TEXT-150x12.png 150w, https:\/\/www.seemannschoroldenburg.de\/wp-content\/uploads\/2017\/01\/www-logo-TEXT-200x16.png 200w, https:\/\/www.seemannschoroldenburg.de\/wp-content\/uploads\/2017\/01\/www-logo-TEXT-450x36.png 450w, https:\/\/www.seemannschoroldenburg.de\/wp-content\/uploads\/2017\/01\/www-logo-TEXT-600x48.png 600w, https:\/\/www.seemannschoroldenburg.de\/wp-content\/uploads\/2017\/01\/www-logo-TEXT-900x72.png 900w\" sizes=\"auto, (max-width: 986px) 100vw, 986px\" \/><\/a><\/p>\n<p style=\"color: #333333;\">\n<\/div>\n<\/div>\n<\/div>\n<\/section>\n<div><\/div>\n<\/div>\n<\/div>\n<div id=\"footer\" style=\"color: #666666;\"><\/div>\n","protected":false},"excerpt":{"rendered":"<p>Herausgeber Seemanns Chor Oldenburg e.V.\u00a0 \u00a0 \u00a0 Vorsitzender Heiner K\u00f6nig &#8211; Joh-Hinr-Engelbart-Weg 9 &#8211; 26131 Oldenburg &#8211; 0172 7670944\u00a0 \u00a0 \u00a0 \u00a0 \u00a0 \u00a0 \u00a0 \u00a0 \u00a0 \u00a0 \u00a0 \u00a0 \u00a0 \u00a0 \u00a0 \u00a0 \u00a0 \u00a0 Inhaltliche und technische Verantwortung &hellip;<\/p>\n<p class=\"read-more\"> <a class=\"more-link\" href=\"https:\/\/www.seemannschoroldenburg.de\/?page_id=4\"> <span class=\"screen-reader-text\">Impressum<\/span> Read More &raquo;<\/a><\/p>\n","protected":false},"author":1,"featured_media":0,"parent":0,"menu_order":0,"comment_status":"closed","ping_status":"closed","template":"","meta":{"footnotes":""},"class_list":["post-4","page","type-page","status-publish","hentry"],"_links":{"self":[{"href":"https:\/\/www.seemannschoroldenburg.de\/index.php?rest_route=\/wp\/v2\/pages\/4","targetHints":{"allow":["GET"]}}],"collection":[{"href":"https:\/\/www.seemannschoroldenburg.de\/index.php?rest_route=\/wp\/v2\/pages"}],"about":[{"href":"https:\/\/www.seemannschoroldenburg.de\/index.php?rest_route=\/wp\/v2\/types\/page"}],"author":[{"embeddable":true,"href":"https:\/\/www.seemannschoroldenburg.de\/index.php?rest_route=\/wp\/v2\/users\/1"}],"replies":[{"embeddable":true,"href":"https:\/\/www.seemannschoroldenburg.de\/index.php?rest_route=%2Fwp%2Fv2%2Fcomments&post=4"}],"version-history":[{"count":59,"href":"https:\/\/www.seemannschoroldenburg.de\/index.php?rest_route=\/wp\/v2\/pages\/4\/revisions"}],"predecessor-version":[{"id":4775,"href":"https:\/\/www.seemannschoroldenburg.de\/index.php?rest_route=\/wp\/v2\/pages\/4\/revisions\/4775"}],"wp:attachment":[{"href":"https:\/\/www.seemannschoroldenburg.de\/index.php?rest_route=%2Fwp%2Fv2%2Fmedia&parent=4"}],"curies":[{"name":"wp","href":"https:\/\/api.w.org\/{rel}","templated":true}]}}