{"id":3092,"date":"2021-08-22T17:37:02","date_gmt":"2021-08-22T15:37:02","guid":{"rendered":"http:\/\/www.seemannschoroldenburg.de\/?page_id=3092"},"modified":"2023-01-11T15:50:05","modified_gmt":"2023-01-11T13:50:05","slug":"konzerte-5","status":"publish","type":"page","link":"https:\/\/www.seemannschoroldenburg.de\/?page_id=3092","title":{"rendered":"Konzerte 2022"},"content":{"rendered":"\n<p class=\"has-text-align-center\">03.12.2022 Konzert Leffers-Eck am Stand der Korvette Oldenburg<\/p>\n\n\n<div class=\"wp-block-image\">\n<figure class=\"aligncenter size-full\"><a href=\"https:\/\/www.seemannschoroldenburg.de\/wp-content\/uploads\/2022\/12\/sco3.jpg\"><img loading=\"lazy\" decoding=\"async\" width=\"435\" height=\"401\" src=\"https:\/\/www.seemannschoroldenburg.de\/wp-content\/uploads\/2022\/12\/sco3.jpg\" alt=\"\" class=\"wp-image-3786\"\/><\/a><figcaption class=\"wp-element-caption\">03.12.2022 Lefferseck<\/figcaption><\/figure>\n<\/div>\n\n\n<p class=\"has-text-align-center\">26.11.2022 Weihnachtskonzert Bullwisch<\/p>\n\n\n\n<figure class=\"wp-block-image size-full\"><a href=\"https:\/\/www.seemannschoroldenburg.de\/wp-content\/uploads\/2022\/11\/bw1.jpg\"><img loading=\"lazy\" decoding=\"async\" width=\"1082\" height=\"652\" src=\"https:\/\/www.seemannschoroldenburg.de\/wp-content\/uploads\/2022\/11\/bw1.jpg\" alt=\"\" class=\"wp-image-3770\"\/><\/a><figcaption class=\"wp-element-caption\">26.11.2022 &#8211; Bullwisch<\/figcaption><\/figure>\n\n\n\n<p class=\"has-text-align-center\">06.11.2022 Hallo Gr\u00fcnkohl Oldenburg Rathausmarkt<\/p>\n\n\n\n<figure class=\"wp-block-image size-full\"><a href=\"https:\/\/www.seemannschoroldenburg.de\/wp-content\/uploads\/2022\/11\/Gruenkohl.gif\"><img loading=\"lazy\" decoding=\"async\" width=\"792\" height=\"416\" src=\"https:\/\/www.seemannschoroldenburg.de\/wp-content\/uploads\/2022\/11\/Gruenkohl.gif\" alt=\"\" class=\"wp-image-3754\"\/><\/a><figcaption class=\"wp-element-caption\">06.11.2022 Rathausmarkt<\/figcaption><\/figure>\n\n\n\n<p class=\"has-text-align-center\">10.10.2022 Oldenburg 99. Geburtstag<\/p>\n\n\n\n<p class=\"has-text-align-center\">10.09.2022 Stadtteilfest Bloherfelde<\/p>\n\n\n\n<figure class=\"wp-block-image size-full\"><a href=\"https:\/\/www.seemannschoroldenburg.de\/wp-content\/uploads\/2022\/10\/b1.jpg\"><img loading=\"lazy\" decoding=\"async\" width=\"1288\" height=\"804\" src=\"https:\/\/www.seemannschoroldenburg.de\/wp-content\/uploads\/2022\/10\/b1.jpg\" alt=\"\" class=\"wp-image-3727\"\/><\/a><figcaption class=\"wp-element-caption\">10.09.2022 Stadtteilfest Bloherfelde<\/figcaption><\/figure>\n\n\n\n<p class=\"has-text-align-center\">04.09.2022 B\u00fcrgerfest Hude<\/p>\n\n\n\n<figure class=\"wp-block-image size-full\"><a href=\"https:\/\/www.seemannschoroldenburg.de\/wp-content\/uploads\/2022\/10\/H1.jpg\"><img loading=\"lazy\" decoding=\"async\" width=\"1313\" height=\"827\" src=\"https:\/\/www.seemannschoroldenburg.de\/wp-content\/uploads\/2022\/10\/H1.jpg\" alt=\"\" class=\"wp-image-3724\"\/><\/a><figcaption class=\"wp-element-caption\">B\u00fcrgerfest Hude<\/figcaption><\/figure>\n\n\n\n<p class=\"has-text-align-center\">02.09.2022 Abgrillen mit Gesang &#8211; Bullwisch<\/p>\n\n\n<div class=\"wp-block-image\">\n<figure class=\"aligncenter size-full\"><a href=\"https:\/\/www.seemannschoroldenburg.de\/wp-content\/uploads\/2022\/09\/Screenshot-2022-09-11-194738.jpg\"><img loading=\"lazy\" decoding=\"async\" width=\"841\" height=\"339\" src=\"https:\/\/www.seemannschoroldenburg.de\/wp-content\/uploads\/2022\/09\/Screenshot-2022-09-11-194738.jpg\" alt=\"\" class=\"wp-image-3697\"\/><\/a><figcaption class=\"wp-element-caption\">Bullwisch 02.09.2022<\/figcaption><\/figure>\n<\/div>\n\n\n<p class=\"has-text-align-center\">26.08.2022 D\u00e4mmerschoppen Lindenhof<\/p>\n\n\n\n<figure class=\"wp-block-image size-full\"><a href=\"https:\/\/www.seemannschoroldenburg.de\/wp-content\/uploads\/2022\/09\/DS-LH.jpg\"><img loading=\"lazy\" decoding=\"async\" width=\"1084\" height=\"507\" src=\"https:\/\/www.seemannschoroldenburg.de\/wp-content\/uploads\/2022\/09\/DS-LH.jpg\" alt=\"\" class=\"wp-image-3701\"\/><\/a><figcaption class=\"wp-element-caption\">26.08.2022 Lindenhof D\u00e4mmerschoppen<\/figcaption><\/figure>\n\n\n\n<p class=\"has-text-align-center\">18.08.2022 Hutkonzert OLs-Brauhaus<\/p>\n\n\n<div class=\"wp-block-image\">\n<figure class=\"aligncenter size-full\"><a href=\"https:\/\/www.seemannschoroldenburg.de\/wp-content\/uploads\/2022\/08\/ols.jpg\"><img loading=\"lazy\" decoding=\"async\" width=\"455\" height=\"592\" src=\"https:\/\/www.seemannschoroldenburg.de\/wp-content\/uploads\/2022\/08\/ols.jpg\" alt=\"\" class=\"wp-image-3653\"\/><\/a><figcaption class=\"wp-element-caption\">18.08.2022 OLs-Brauhaus<\/figcaption><\/figure>\n<\/div>\n\n\n<p class=\"has-text-align-center\">17.08.2022 SeniorenQuartier Willersstra\u00dfe OL<\/p>\n\n\n\n<p class=\"has-text-align-center\">14.08.2022 90. Geburtstag &#8211; Oberlethe<\/p>\n\n\n\n<p class=\"has-text-align-center\">10.07.2022 Addis 85. Geburtstag<\/p>\n\n\n\n<p class=\"has-text-align-center\">18.06.2022 50. Geburtstag &#8211; OL Hafen<\/p>\n\n\n\n<figure class=\"wp-block-image size-full is-resized\"><a href=\"https:\/\/www.seemannschoroldenburg.de\/wp-content\/uploads\/2022\/06\/P6.jpg\"><img loading=\"lazy\" decoding=\"async\" src=\"https:\/\/www.seemannschoroldenburg.de\/wp-content\/uploads\/2022\/06\/P6.jpg\" alt=\"\" class=\"wp-image-3610\" width=\"788\" height=\"538\"\/><\/a><figcaption class=\"wp-element-caption\">50. Geburtstag am OL Hafen<\/figcaption><\/figure>\n\n\n\n<p class=\"has-text-align-center\"> 01.05.2022 GleisKultur &#8211; Oldenburg<\/p>\n\n\n\n<figure class=\"wp-block-image size-full\"><a href=\"https:\/\/www.seemannschoroldenburg.de\/wp-content\/uploads\/2022\/05\/GP-Gerd.jpg\"><img loading=\"lazy\" decoding=\"async\" width=\"794\" height=\"505\" src=\"https:\/\/www.seemannschoroldenburg.de\/wp-content\/uploads\/2022\/05\/GP-Gerd.jpg\" alt=\"\" class=\"wp-image-3575\" srcset=\"https:\/\/www.seemannschoroldenburg.de\/wp-content\/uploads\/2022\/05\/GP-Gerd.jpg 794w, https:\/\/www.seemannschoroldenburg.de\/wp-content\/uploads\/2022\/05\/GP-Gerd-300x191.jpg 300w, https:\/\/www.seemannschoroldenburg.de\/wp-content\/uploads\/2022\/05\/GP-Gerd-768x488.jpg 768w, https:\/\/www.seemannschoroldenburg.de\/wp-content\/uploads\/2022\/05\/GP-Gerd-100x64.jpg 100w, https:\/\/www.seemannschoroldenburg.de\/wp-content\/uploads\/2022\/05\/GP-Gerd-150x95.jpg 150w, https:\/\/www.seemannschoroldenburg.de\/wp-content\/uploads\/2022\/05\/GP-Gerd-200x127.jpg 200w, https:\/\/www.seemannschoroldenburg.de\/wp-content\/uploads\/2022\/05\/GP-Gerd-450x286.jpg 450w, https:\/\/www.seemannschoroldenburg.de\/wp-content\/uploads\/2022\/05\/GP-Gerd-600x382.jpg 600w\" sizes=\"auto, (max-width: 794px) 100vw, 794px\" \/><\/a><figcaption class=\"wp-element-caption\">GleisKultur &#8211; 01.05.2022<\/figcaption><\/figure>\n\n\n\n<p class=\"has-text-align-center\">02.01.2022 Diamantene Hochzeit &#8211; Gesellschaftshaus Bei Meyer &#8211; ausgefallen <\/p>\n","protected":false},"excerpt":{"rendered":"<p>03.12.2022 Konzert Leffers-Eck am Stand der Korvette Oldenburg 26.11.2022 Weihnachtskonzert Bullwisch 06.11.2022 Hallo Gr\u00fcnkohl Oldenburg Rathausmarkt 10.10.2022 Oldenburg 99. Geburtstag 10.09.2022 Stadtteilfest Bloherfelde 04.09.2022 B\u00fcrgerfest Hude 02.09.2022 Abgrillen mit Gesang &#8211; Bullwisch 26.08.2022 D\u00e4mmerschoppen Lindenhof 18.08.2022 Hutkonzert OLs-Brauhaus 17.08.2022 SeniorenQuartier &hellip;<\/p>\n<p class=\"read-more\"> <a class=\"more-link\" href=\"https:\/\/www.seemannschoroldenburg.de\/?page_id=3092\"> <span class=\"screen-reader-text\">Konzerte 2022<\/span> Read More &raquo;<\/a><\/p>\n","protected":false},"author":1,"featured_media":0,"parent":0,"menu_order":0,"comment_status":"closed","ping_status":"closed","template":"","meta":{"footnotes":""},"class_list":["post-3092","page","type-page","status-publish","hentry"],"_links":{"self":[{"href":"https:\/\/www.seemannschoroldenburg.de\/index.php?rest_route=\/wp\/v2\/pages\/3092","targetHints":{"allow":["GET"]}}],"collection":[{"href":"https:\/\/www.seemannschoroldenburg.de\/index.php?rest_route=\/wp\/v2\/pages"}],"about":[{"href":"https:\/\/www.seemannschoroldenburg.de\/index.php?rest_route=\/wp\/v2\/types\/page"}],"author":[{"embeddable":true,"href":"https:\/\/www.seemannschoroldenburg.de\/index.php?rest_route=\/wp\/v2\/users\/1"}],"replies":[{"embeddable":true,"href":"https:\/\/www.seemannschoroldenburg.de\/index.php?rest_route=%2Fwp%2Fv2%2Fcomments&post=3092"}],"version-history":[{"count":39,"href":"https:\/\/www.seemannschoroldenburg.de\/index.php?rest_route=\/wp\/v2\/pages\/3092\/revisions"}],"predecessor-version":[{"id":3815,"href":"https:\/\/www.seemannschoroldenburg.de\/index.php?rest_route=\/wp\/v2\/pages\/3092\/revisions\/3815"}],"wp:attachment":[{"href":"https:\/\/www.seemannschoroldenburg.de\/index.php?rest_route=%2Fwp%2Fv2%2Fmedia&parent=3092"}],"curies":[{"name":"wp","href":"https:\/\/api.w.org\/{rel}","templated":true}]}}