{"id":218,"date":"2014-09-27T15:13:36","date_gmt":"2014-09-27T13:13:36","guid":{"rendered":"http:\/\/wordpress.seemannschoroldenburg.de\/?page_id=218"},"modified":"2025-10-01T14:16:42","modified_gmt":"2025-10-01T12:16:42","slug":"booking","status":"publish","type":"page","link":"https:\/\/www.seemannschoroldenburg.de\/?page_id=218","title":{"rendered":"Booking"},"content":{"rendered":"<p>Wir singen gerne<br \/>\nWir musizieren gerne<br \/>\nWir singen und musizieren gerne<br \/>\nDaher freuen sich alle auf die w\u00f6chentliche Probe im Lindenhof&#8230;<\/p>\n<p>Noch sch\u00f6ner (und aufregender) sind nat\u00fcrlich Auftritte vor Publikum; Lampenfieber und Applaus<br \/>\n&#8222;sind das Brot des K\u00fcnstlers&#8220; &#8211; und als K\u00fcnstler f\u00fchlen wir uns dann auch \ud83d\ude09<\/p>\n<p>So unterhalten wir die G\u00e4ste bei Feierlichkeiten wie<br \/>\n&#8211; Hochzeiten<br \/>\n&#8211; Sommerfesten<br \/>\n&#8211; Geburtstagen<br \/>\n&#8211; Jubil\u00e4en aller Art<br \/>\n&#8211; Betriebsfesten<br \/>\n&#8211; Hafenfesten<br \/>\n&#8211; Festivals<br \/>\n&#8211; Weihnachtsfeiern<br \/>\n&#8211; Gewerbeschauen<br \/>\nmit unseren Liedern, Shantys und maritimen Schlagern; immer flott, witzig und humorvoll moderiert.<br \/>\nTechnisch sind wir auch f\u00fcr gro\u00dfe Veranstaltungen gut ausger\u00fcstet.<br \/>\nBei der Planung ist Ihnen unser Schiffsmanagement gerne behilflich. \u00a0 -&gt; <span style=\"color: #ffffff;\"><button>\u00a0\u00a0<strong><a style=\"color: #ffffff;\" href=\"https:\/\/www.seemannschoroldenburg.de\/?page_id=47\">KONTAKT<\/a><\/strong><\/button><\/span><\/p>\n<p>&nbsp;<\/p>\n<p><a href=\"https:\/\/www.seemannschoroldenburg.de\/wp-content\/uploads\/2017\/01\/www-logo-TEXT.png\"><img loading=\"lazy\" decoding=\"async\" class=\"aligncenter size-full wp-image-1760\" src=\"https:\/\/www.seemannschoroldenburg.de\/wp-content\/uploads\/2017\/01\/www-logo-TEXT.png\" alt=\"\" width=\"986\" height=\"79\" srcset=\"https:\/\/www.seemannschoroldenburg.de\/wp-content\/uploads\/2017\/01\/www-logo-TEXT.png 986w, https:\/\/www.seemannschoroldenburg.de\/wp-content\/uploads\/2017\/01\/www-logo-TEXT-300x24.png 300w, https:\/\/www.seemannschoroldenburg.de\/wp-content\/uploads\/2017\/01\/www-logo-TEXT-768x62.png 768w, https:\/\/www.seemannschoroldenburg.de\/wp-content\/uploads\/2017\/01\/www-logo-TEXT-100x8.png 100w, https:\/\/www.seemannschoroldenburg.de\/wp-content\/uploads\/2017\/01\/www-logo-TEXT-150x12.png 150w, https:\/\/www.seemannschoroldenburg.de\/wp-content\/uploads\/2017\/01\/www-logo-TEXT-200x16.png 200w, https:\/\/www.seemannschoroldenburg.de\/wp-content\/uploads\/2017\/01\/www-logo-TEXT-450x36.png 450w, https:\/\/www.seemannschoroldenburg.de\/wp-content\/uploads\/2017\/01\/www-logo-TEXT-600x48.png 600w, https:\/\/www.seemannschoroldenburg.de\/wp-content\/uploads\/2017\/01\/www-logo-TEXT-900x72.png 900w\" sizes=\"auto, (max-width: 986px) 100vw, 986px\" \/><\/a><\/p>\n","protected":false},"excerpt":{"rendered":"<p>Wir singen gerne Wir musizieren gerne Wir singen und musizieren gerne Daher freuen sich alle auf die w\u00f6chentliche Probe im Lindenhof&#8230; Noch sch\u00f6ner (und aufregender) sind nat\u00fcrlich Auftritte vor Publikum; Lampenfieber und Applaus &#8222;sind das Brot des K\u00fcnstlers&#8220; &#8211; und &hellip;<\/p>\n<p class=\"read-more\"> <a class=\"more-link\" href=\"https:\/\/www.seemannschoroldenburg.de\/?page_id=218\"> <span class=\"screen-reader-text\">Booking<\/span> Read More &raquo;<\/a><\/p>\n","protected":false},"author":1,"featured_media":0,"parent":0,"menu_order":0,"comment_status":"closed","ping_status":"closed","template":"","meta":{"footnotes":""},"class_list":["post-218","page","type-page","status-publish","hentry"],"_links":{"self":[{"href":"https:\/\/www.seemannschoroldenburg.de\/index.php?rest_route=\/wp\/v2\/pages\/218","targetHints":{"allow":["GET"]}}],"collection":[{"href":"https:\/\/www.seemannschoroldenburg.de\/index.php?rest_route=\/wp\/v2\/pages"}],"about":[{"href":"https:\/\/www.seemannschoroldenburg.de\/index.php?rest_route=\/wp\/v2\/types\/page"}],"author":[{"embeddable":true,"href":"https:\/\/www.seemannschoroldenburg.de\/index.php?rest_route=\/wp\/v2\/users\/1"}],"replies":[{"embeddable":true,"href":"https:\/\/www.seemannschoroldenburg.de\/index.php?rest_route=%2Fwp%2Fv2%2Fcomments&post=218"}],"version-history":[{"count":30,"href":"https:\/\/www.seemannschoroldenburg.de\/index.php?rest_route=\/wp\/v2\/pages\/218\/revisions"}],"predecessor-version":[{"id":4779,"href":"https:\/\/www.seemannschoroldenburg.de\/index.php?rest_route=\/wp\/v2\/pages\/218\/revisions\/4779"}],"wp:attachment":[{"href":"https:\/\/www.seemannschoroldenburg.de\/index.php?rest_route=%2Fwp%2Fv2%2Fmedia&parent=218"}],"curies":[{"name":"wp","href":"https:\/\/api.w.org\/{rel}","templated":true}]}}