{"id":2097,"date":"2017-12-22T20:09:37","date_gmt":"2017-12-22T18:09:37","guid":{"rendered":"http:\/\/www.seemannschoroldenburg.de\/?page_id=2097"},"modified":"2023-06-24T18:31:10","modified_gmt":"2023-06-24T16:31:10","slug":"videos","status":"publish","type":"page","link":"https:\/\/www.seemannschoroldenburg.de\/?page_id=2097","title":{"rendered":"Videos 17-22"},"content":{"rendered":"\n<p><\/p>\n\n\n<figure id=\"attachment_3903\" aria-describedby=\"caption-attachment-3903\" style=\"width: 358px\" class=\"wp-caption alignnone\"><a href=\"https:\/\/youtu.be\/X7I88wuTFxs\"><img loading=\"lazy\" decoding=\"async\" class=\"wp-image-3903\" src=\"https:\/\/www.seemannschoroldenburg.de\/wp-content\/uploads\/2023\/03\/Youtube1.jpg\" alt=\"\" width=\"358\" height=\"174\" \/><\/a><figcaption id=\"caption-attachment-3903\" class=\"wp-caption-text\">&#8222;Welturauff\u00fchrung&#8220; des Gr\u00fcnkohlliedes zur Er\u00f6ffnung des Gr\u00fcnkohlmarktes am 06. 11. 2022 in Oldenburg.\u00a0 \u00a0 \u00a0 \u00a0 \u00a0 \u00a0 \u00a0(Trad. &#8211; Arr.: Seemanns Chor &#8211; Text: C. Behrens)<\/figcaption><\/figure>\n<p>\u00a0<\/p>\n<figure id=\"attachment_2803\" aria-describedby=\"caption-attachment-2803\" style=\"width: 358px\" class=\"wp-caption alignnone\"><a href=\"https:\/\/www.youtube.com\/watch?v=8Kp_Tc0f98M\"><img loading=\"lazy\" decoding=\"async\" class=\"wp-image-2803\" src=\"https:\/\/www.seemannschoroldenburg.de\/wp-content\/uploads\/2019\/04\/ber1-300x157.jpg\" alt=\"\" width=\"358\" height=\"188\" srcset=\"https:\/\/www.seemannschoroldenburg.de\/wp-content\/uploads\/2019\/04\/ber1-300x157.jpg 300w, https:\/\/www.seemannschoroldenburg.de\/wp-content\/uploads\/2019\/04\/ber1-768x402.jpg 768w, https:\/\/www.seemannschoroldenburg.de\/wp-content\/uploads\/2019\/04\/ber1-100x52.jpg 100w, https:\/\/www.seemannschoroldenburg.de\/wp-content\/uploads\/2019\/04\/ber1-150x79.jpg 150w, https:\/\/www.seemannschoroldenburg.de\/wp-content\/uploads\/2019\/04\/ber1-200x105.jpg 200w, https:\/\/www.seemannschoroldenburg.de\/wp-content\/uploads\/2019\/04\/ber1-450x236.jpg 450w, https:\/\/www.seemannschoroldenburg.de\/wp-content\/uploads\/2019\/04\/ber1-600x314.jpg 600w, https:\/\/www.seemannschoroldenburg.de\/wp-content\/uploads\/2019\/04\/ber1.jpg 769w\" sizes=\"auto, (max-width: 358px) 100vw, 358px\" \/><\/a><figcaption id=\"caption-attachment-2803\" class=\"wp-caption-text\">Berlin 20.04.2019 SCO 08:13-11:45<\/figcaption><\/figure>\n<p>\u00a0<\/p>\n<figure id=\"attachment_2230\" aria-describedby=\"caption-attachment-2230\" style=\"width: 358px\" class=\"wp-caption alignnone\"><a href=\"https:\/\/www.youtube.com\/watch?v=NcfX-aSLny4\"><img loading=\"lazy\" decoding=\"async\" class=\"wp-image-2230 size-full\" src=\"https:\/\/www.seemannschoroldenburg.de\/wp-content\/uploads\/2018\/02\/bier-e1518372405320.jpg\" alt=\"\" width=\"358\" height=\"185\" \/><\/a><figcaption id=\"caption-attachment-2230\" class=\"wp-caption-text\">Ein Bier ein Schnack mit Christian vom Seemanns Chor<span style=\"font-size: 16px;\">\u00a0<\/span><\/figcaption><\/figure>\n<p>\u00a0<\/p>\n<figure id=\"attachment_2132\" aria-describedby=\"caption-attachment-2132\" style=\"width: 358px\" class=\"wp-caption alignleft\"><a href=\"https:\/\/youtu.be\/slUGBwsKikI\"><img loading=\"lazy\" decoding=\"async\" class=\"wp-image-2132\" src=\"https:\/\/www.seemannschoroldenburg.de\/wp-content\/uploads\/2018\/01\/youtube-300x225.jpg\" alt=\"\" width=\"358\" height=\"269\" srcset=\"https:\/\/www.seemannschoroldenburg.de\/wp-content\/uploads\/2018\/01\/youtube-300x225.jpg 300w, https:\/\/www.seemannschoroldenburg.de\/wp-content\/uploads\/2018\/01\/youtube-100x75.jpg 100w, https:\/\/www.seemannschoroldenburg.de\/wp-content\/uploads\/2018\/01\/youtube-150x113.jpg 150w, https:\/\/www.seemannschoroldenburg.de\/wp-content\/uploads\/2018\/01\/youtube-200x150.jpg 200w, https:\/\/www.seemannschoroldenburg.de\/wp-content\/uploads\/2018\/01\/youtube-450x338.jpg 450w, https:\/\/www.seemannschoroldenburg.de\/wp-content\/uploads\/2018\/01\/youtube.jpg 480w\" sizes=\"auto, (max-width: 358px) 100vw, 358px\" \/><\/a><figcaption id=\"caption-attachment-2132\" class=\"wp-caption-text\">Mediterraneo Bremerhaven \u2013 09.12.2017<\/figcaption><\/figure>\n<p>\u00a0<\/p>\n<figure id=\"attachment_1973\" aria-describedby=\"caption-attachment-1973\" style=\"width: 358px\" class=\"wp-caption alignnone\"><a href=\"https:\/\/youtu.be\/wu-Oq6TWpwM\"><img loading=\"lazy\" decoding=\"async\" class=\"wp-image-1973\" src=\"https:\/\/www.seemannschoroldenburg.de\/wp-content\/uploads\/2017\/07\/youtube-warne.jpg\" alt=\"\" width=\"358\" height=\"202\" srcset=\"https:\/\/www.seemannschoroldenburg.de\/wp-content\/uploads\/2017\/07\/youtube-warne.jpg 639w, https:\/\/www.seemannschoroldenburg.de\/wp-content\/uploads\/2017\/07\/youtube-warne-300x169.jpg 300w, https:\/\/www.seemannschoroldenburg.de\/wp-content\/uploads\/2017\/07\/youtube-warne-100x56.jpg 100w, https:\/\/www.seemannschoroldenburg.de\/wp-content\/uploads\/2017\/07\/youtube-warne-150x85.jpg 150w, https:\/\/www.seemannschoroldenburg.de\/wp-content\/uploads\/2017\/07\/youtube-warne-200x113.jpg 200w, https:\/\/www.seemannschoroldenburg.de\/wp-content\/uploads\/2017\/07\/youtube-warne-450x254.jpg 450w, https:\/\/www.seemannschoroldenburg.de\/wp-content\/uploads\/2017\/07\/youtube-warne-600x338.jpg 600w\" sizes=\"auto, (max-width: 358px) 100vw, 358px\" \/><\/a><figcaption id=\"caption-attachment-1973\" class=\"wp-caption-text\">Warnem\u00fcnde &#8211; 27.07.2017<\/figcaption><\/figure>\n<p>\u00a0<\/p>\n<figure id=\"attachment_3493\" aria-describedby=\"caption-attachment-3493\" style=\"width: 356px\" class=\"wp-caption alignnone\"><a href=\"https:\/\/youtu.be\/CzWtQcL48n0\"><img loading=\"lazy\" decoding=\"async\" class=\"wp-image-3493\" src=\"https:\/\/www.seemannschoroldenburg.de\/wp-content\/uploads\/2022\/01\/Probe3-300x219.jpg\" alt=\"\" width=\"356\" height=\"260\" srcset=\"https:\/\/www.seemannschoroldenburg.de\/wp-content\/uploads\/2022\/01\/Probe3-300x219.jpg 300w, https:\/\/www.seemannschoroldenburg.de\/wp-content\/uploads\/2022\/01\/Probe3-768x560.jpg 768w, https:\/\/www.seemannschoroldenburg.de\/wp-content\/uploads\/2022\/01\/Probe3-100x73.jpg 100w, https:\/\/www.seemannschoroldenburg.de\/wp-content\/uploads\/2022\/01\/Probe3-150x109.jpg 150w, https:\/\/www.seemannschoroldenburg.de\/wp-content\/uploads\/2022\/01\/Probe3-200x146.jpg 200w, https:\/\/www.seemannschoroldenburg.de\/wp-content\/uploads\/2022\/01\/Probe3-450x328.jpg 450w, https:\/\/www.seemannschoroldenburg.de\/wp-content\/uploads\/2022\/01\/Probe3-600x437.jpg 600w, https:\/\/www.seemannschoroldenburg.de\/wp-content\/uploads\/2022\/01\/Probe3-900x656.jpg 900w, https:\/\/www.seemannschoroldenburg.de\/wp-content\/uploads\/2022\/01\/Probe3.jpg 925w\" sizes=\"auto, (max-width: 356px) 100vw, 356px\" \/><\/a><figcaption id=\"caption-attachment-3493\" class=\"wp-caption-text\">11.04.2017 Probe im Lindenhof<\/figcaption><\/figure>\n<p><a href=\"https:\/\/www.seemannschoroldenburg.de\/wp-content\/uploads\/2017\/01\/www-logo-TEXT.png\"><img loading=\"lazy\" decoding=\"async\" class=\"aligncenter size-full wp-image-1760\" src=\"https:\/\/www.seemannschoroldenburg.de\/wp-content\/uploads\/2017\/01\/www-logo-TEXT.png\" alt=\"\" width=\"986\" height=\"79\" srcset=\"https:\/\/www.seemannschoroldenburg.de\/wp-content\/uploads\/2017\/01\/www-logo-TEXT.png 986w, https:\/\/www.seemannschoroldenburg.de\/wp-content\/uploads\/2017\/01\/www-logo-TEXT-300x24.png 300w, https:\/\/www.seemannschoroldenburg.de\/wp-content\/uploads\/2017\/01\/www-logo-TEXT-768x62.png 768w, https:\/\/www.seemannschoroldenburg.de\/wp-content\/uploads\/2017\/01\/www-logo-TEXT-100x8.png 100w, https:\/\/www.seemannschoroldenburg.de\/wp-content\/uploads\/2017\/01\/www-logo-TEXT-150x12.png 150w, https:\/\/www.seemannschoroldenburg.de\/wp-content\/uploads\/2017\/01\/www-logo-TEXT-200x16.png 200w, https:\/\/www.seemannschoroldenburg.de\/wp-content\/uploads\/2017\/01\/www-logo-TEXT-450x36.png 450w, https:\/\/www.seemannschoroldenburg.de\/wp-content\/uploads\/2017\/01\/www-logo-TEXT-600x48.png 600w, https:\/\/www.seemannschoroldenburg.de\/wp-content\/uploads\/2017\/01\/www-logo-TEXT-900x72.png 900w\" sizes=\"auto, (max-width: 986px) 100vw, 986px\" \/><\/a><\/p>","protected":false},"excerpt":{"rendered":"<p>\u00a0 \u00a0 \u00a0 \u00a0 \u00a0<\/p>\n","protected":false},"author":1,"featured_media":0,"parent":0,"menu_order":0,"comment_status":"closed","ping_status":"closed","template":"","meta":{"footnotes":""},"class_list":["post-2097","page","type-page","status-publish","hentry"],"_links":{"self":[{"href":"https:\/\/www.seemannschoroldenburg.de\/index.php?rest_route=\/wp\/v2\/pages\/2097","targetHints":{"allow":["GET"]}}],"collection":[{"href":"https:\/\/www.seemannschoroldenburg.de\/index.php?rest_route=\/wp\/v2\/pages"}],"about":[{"href":"https:\/\/www.seemannschoroldenburg.de\/index.php?rest_route=\/wp\/v2\/types\/page"}],"author":[{"embeddable":true,"href":"https:\/\/www.seemannschoroldenburg.de\/index.php?rest_route=\/wp\/v2\/users\/1"}],"replies":[{"embeddable":true,"href":"https:\/\/www.seemannschoroldenburg.de\/index.php?rest_route=%2Fwp%2Fv2%2Fcomments&post=2097"}],"version-history":[{"count":37,"href":"https:\/\/www.seemannschoroldenburg.de\/index.php?rest_route=\/wp\/v2\/pages\/2097\/revisions"}],"predecessor-version":[{"id":4120,"href":"https:\/\/www.seemannschoroldenburg.de\/index.php?rest_route=\/wp\/v2\/pages\/2097\/revisions\/4120"}],"wp:attachment":[{"href":"https:\/\/www.seemannschoroldenburg.de\/index.php?rest_route=%2Fwp%2Fv2%2Fmedia&parent=2097"}],"curies":[{"name":"wp","href":"https:\/\/api.w.org\/{rel}","templated":true}]}}