{"id":1669,"date":"2016-12-01T20:08:01","date_gmt":"2016-12-01T18:08:01","guid":{"rendered":"http:\/\/www.seemannschoroldenburg.de\/?page_id=1669"},"modified":"2021-11-27T19:48:47","modified_gmt":"2021-11-27T17:48:47","slug":"konzerte-2016","status":"publish","type":"page","link":"https:\/\/www.seemannschoroldenburg.de\/?page_id=1669","title":{"rendered":"Konzerte 2016"},"content":{"rendered":"<p><a href=\"https:\/\/www.seemannschoroldenburg.de\/wp-content\/uploads\/2016\/10\/Plakat-Entwurf-2016-A3-1.jpg\"><img loading=\"lazy\" decoding=\"async\" class=\"aligncenter wp-image-1593 size-medium\" src=\"https:\/\/www.seemannschoroldenburg.de\/wp-content\/uploads\/2016\/10\/Plakat-Entwurf-2016-A3-1-213x300.jpg\" alt=\"plakat-entwurf-2016-a3-1\" width=\"213\" height=\"300\" srcset=\"https:\/\/www.seemannschoroldenburg.de\/wp-content\/uploads\/2016\/10\/Plakat-Entwurf-2016-A3-1-213x300.jpg 213w, https:\/\/www.seemannschoroldenburg.de\/wp-content\/uploads\/2016\/10\/Plakat-Entwurf-2016-A3-1-768x1080.jpg 768w, https:\/\/www.seemannschoroldenburg.de\/wp-content\/uploads\/2016\/10\/Plakat-Entwurf-2016-A3-1-728x1024.jpg 728w, https:\/\/www.seemannschoroldenburg.de\/wp-content\/uploads\/2016\/10\/Plakat-Entwurf-2016-A3-1-100x141.jpg 100w, https:\/\/www.seemannschoroldenburg.de\/wp-content\/uploads\/2016\/10\/Plakat-Entwurf-2016-A3-1-150x211.jpg 150w, https:\/\/www.seemannschoroldenburg.de\/wp-content\/uploads\/2016\/10\/Plakat-Entwurf-2016-A3-1-200x281.jpg 200w, https:\/\/www.seemannschoroldenburg.de\/wp-content\/uploads\/2016\/10\/Plakat-Entwurf-2016-A3-1-300x422.jpg 300w, https:\/\/www.seemannschoroldenburg.de\/wp-content\/uploads\/2016\/10\/Plakat-Entwurf-2016-A3-1-450x633.jpg 450w, https:\/\/www.seemannschoroldenburg.de\/wp-content\/uploads\/2016\/10\/Plakat-Entwurf-2016-A3-1-600x843.jpg 600w, https:\/\/www.seemannschoroldenburg.de\/wp-content\/uploads\/2016\/10\/Plakat-Entwurf-2016-A3-1-900x1265.jpg 900w\" sizes=\"auto, (max-width: 213px) 100vw, 213px\" \/><\/a><\/p>\n<p style=\"text-align: center;\"><strong>Jahresabschluss-Konzert im Lindenhof &#8211; 11.12.2016<br \/>\n80. Geburtstag &#8211; Etzhorn &#8211; 27.11.2016<br \/>\n80. Geburtstag in Metjendorf &#8211; 05.11.2016<br \/>\nVorgartenpr\u00e4mierung &#8211; B\u00fcrgerverein B\u00fcrgerfelde &#8211; 30.10.2016<br \/>\n90. Geburtstag &#8211; K\u00fchlingen 24.09.2016<\/strong><br \/>\n<strong>Grillfest bei W\u00f6bken &#8211; 23.09.2016<\/strong><br \/>\n<strong>Sommerfest Ferienhaus Neerstedt &#8211; 26.08.2016<br \/>\nShanty &amp; Currywurst-Festival in Bassum &#8211; 14.08.2016<br \/>\nStadtteilfest Bloherfelde &#8211; 13.08.2016<br \/>\nGoldene Hochzeit &#8211; Oldenburg &#8211; 12.08.2016<br \/>\nGr\u00fcne Hochzeit &#8211; Edewecht &#8211; 05.08.2016<br \/>\nSommerfest Caritas Marienhort &#8211; 30.07.2016<br \/>\nSommerfest Wittenberge &#8211; 23.07.2016<br \/>\nSommerfest Berne &#8211; 03.07.2016<br \/>\nSommerfest SeniorenZentrum Kreyenbr\u00fcck 23.06.2016<br \/>\nMatjesfest Bischof St\u00e4hlin &#8211; 22.06.2016<br \/>\n15 Jahre Hasport Shanty Chor &#8211; 19.06.2016<br \/>\n80. Geburtstag &#8211; Friedrichsfehn &#8211; 29.05.2016<br \/>\n80. Geburtstag &#8211; Oldenburg &#8211; 10.05.2016<br \/>\n80. Geburtstag eines Seemanns &#8211; Hatten &#8211; 14.02.2016<\/strong><\/p>\n<p><a href=\"https:\/\/www.seemannschoroldenburg.de\/wp-content\/uploads\/2017\/01\/www-logo-TEXT.png\"><img loading=\"lazy\" decoding=\"async\" class=\"alignnone size-full wp-image-1760\" src=\"https:\/\/www.seemannschoroldenburg.de\/wp-content\/uploads\/2017\/01\/www-logo-TEXT.png\" alt=\"\" width=\"986\" height=\"79\" srcset=\"https:\/\/www.seemannschoroldenburg.de\/wp-content\/uploads\/2017\/01\/www-logo-TEXT.png 986w, https:\/\/www.seemannschoroldenburg.de\/wp-content\/uploads\/2017\/01\/www-logo-TEXT-300x24.png 300w, https:\/\/www.seemannschoroldenburg.de\/wp-content\/uploads\/2017\/01\/www-logo-TEXT-768x62.png 768w, https:\/\/www.seemannschoroldenburg.de\/wp-content\/uploads\/2017\/01\/www-logo-TEXT-100x8.png 100w, https:\/\/www.seemannschoroldenburg.de\/wp-content\/uploads\/2017\/01\/www-logo-TEXT-150x12.png 150w, https:\/\/www.seemannschoroldenburg.de\/wp-content\/uploads\/2017\/01\/www-logo-TEXT-200x16.png 200w, https:\/\/www.seemannschoroldenburg.de\/wp-content\/uploads\/2017\/01\/www-logo-TEXT-450x36.png 450w, https:\/\/www.seemannschoroldenburg.de\/wp-content\/uploads\/2017\/01\/www-logo-TEXT-600x48.png 600w, https:\/\/www.seemannschoroldenburg.de\/wp-content\/uploads\/2017\/01\/www-logo-TEXT-900x72.png 900w\" sizes=\"auto, (max-width: 986px) 100vw, 986px\" \/><\/a><\/p>\n","protected":false},"excerpt":{"rendered":"<p>Jahresabschluss-Konzert im Lindenhof &#8211; 11.12.2016 80. Geburtstag &#8211; Etzhorn &#8211; 27.11.2016 80. Geburtstag in Metjendorf &#8211; 05.11.2016 Vorgartenpr\u00e4mierung &#8211; B\u00fcrgerverein B\u00fcrgerfelde &#8211; 30.10.2016 90. Geburtstag &#8211; K\u00fchlingen 24.09.2016 Grillfest bei W\u00f6bken &#8211; 23.09.2016 Sommerfest Ferienhaus Neerstedt &#8211; 26.08.2016 Shanty &amp; &hellip;<\/p>\n<p class=\"read-more\"> <a class=\"more-link\" href=\"https:\/\/www.seemannschoroldenburg.de\/?page_id=1669\"> <span class=\"screen-reader-text\">Konzerte 2016<\/span> Read More &raquo;<\/a><\/p>\n","protected":false},"author":1,"featured_media":0,"parent":1322,"menu_order":0,"comment_status":"closed","ping_status":"closed","template":"","meta":{"footnotes":""},"class_list":["post-1669","page","type-page","status-publish","hentry"],"_links":{"self":[{"href":"https:\/\/www.seemannschoroldenburg.de\/index.php?rest_route=\/wp\/v2\/pages\/1669","targetHints":{"allow":["GET"]}}],"collection":[{"href":"https:\/\/www.seemannschoroldenburg.de\/index.php?rest_route=\/wp\/v2\/pages"}],"about":[{"href":"https:\/\/www.seemannschoroldenburg.de\/index.php?rest_route=\/wp\/v2\/types\/page"}],"author":[{"embeddable":true,"href":"https:\/\/www.seemannschoroldenburg.de\/index.php?rest_route=\/wp\/v2\/users\/1"}],"replies":[{"embeddable":true,"href":"https:\/\/www.seemannschoroldenburg.de\/index.php?rest_route=%2Fwp%2Fv2%2Fcomments&post=1669"}],"version-history":[{"count":6,"href":"https:\/\/www.seemannschoroldenburg.de\/index.php?rest_route=\/wp\/v2\/pages\/1669\/revisions"}],"predecessor-version":[{"id":3411,"href":"https:\/\/www.seemannschoroldenburg.de\/index.php?rest_route=\/wp\/v2\/pages\/1669\/revisions\/3411"}],"up":[{"embeddable":true,"href":"https:\/\/www.seemannschoroldenburg.de\/index.php?rest_route=\/wp\/v2\/pages\/1322"}],"wp:attachment":[{"href":"https:\/\/www.seemannschoroldenburg.de\/index.php?rest_route=%2Fwp%2Fv2%2Fmedia&parent=1669"}],"curies":[{"name":"wp","href":"https:\/\/api.w.org\/{rel}","templated":true}]}}