{"id":1211,"date":"2015-09-23T19:53:45","date_gmt":"2015-09-23T17:53:45","guid":{"rendered":"http:\/\/wordpress.seemannschoroldenburg.de\/?page_id=1211"},"modified":"2025-03-09T20:14:12","modified_gmt":"2025-03-09T18:14:12","slug":"talktalk","status":"publish","type":"page","link":"https:\/\/www.seemannschoroldenburg.de\/?page_id=1211","title":{"rendered":"TalkTalk"},"content":{"rendered":"\n<p><strong>Via WhatsApp (09.03.2025) :<\/strong>                                                                                        Hallo Herr Onken, hat gestern alles super prima geklappt. Mein Mann hat sich sehr sehr gefreut und freut sich jetzt schon auf den kommenden Sonntag. Es war einfach toll. Vielen Dank nochmal. LG und weiterhin viel Erfolg f\u00fcr und mit Ihrem Chor. G.A.<\/p>\n\n\n<p><strong>eMail an den Seemanns Chor Oldenburg (vom 01.10.2024):\u00a0\u00a0\u00a0\u00a0\u00a0\u00a0\u00a0\u00a0\u00a0\u00a0\u00a0\u00a0\u00a0\u00a0\u00a0\u00a0\u00a0\u00a0\u00a0\u00a0\u00a0\u00a0\u00a0\u00a0\u00a0\u00a0\u00a0\u00a0\u00a0\u00a0\u00a0\u00a0\u00a0\u00a0\u00a0\u00a0\u00a0\u00a0\u00a0\u00a0\u00a0\u00a0\u00a0\u00a0\u00a0\u00a0\u00a0\u00a0\u00a0\u00a0\u00a0\u00a0\u00a0\u00a0\u00a0\u00a0\u00a0\u00a0\u00a0\u00a0\u00a0\u00a0\u00a0\u00a0\u00a0\u00a0\u00a0\u00a0\u00a0\u00a0\u00a0\u00a0\u00a0\u00a0\u00a0\u00a0\u00a0\u00a0\u00a0\u00a0\u00a0\u00a0\u00a0\u00a0\u00a0\u00a0\u00a0\u00a0\u00a0\u00a0\u00a0\u00a0\u00a0\u00a0\u00a0\u00a0\u00a0\u00a0\u00a0\u00a0\u00a0\u00a0\u00a0\u00a0\u00a0\u00a0\u00a0\u00a0\u00a0\u00a0\u00a0\u00a0\u00a0\u00a0\u00a0\u00a0\u00a0\u00a0\u00a0\u00a0\u00a0\u00a0\u00a0\u00a0\u00a0\u00a0\u00a0\u00a0\u00a0\u00a0\u00a0\u00a0\u00a0\u00a0\u00a0\u00a0\u00a0\u00a0\u00a0\u00a0\u00a0\u00a0\u00a0\u00a0\u00a0\u00a0\u00a0\u00a0\u00a0\u00a0\u00a0\u00a0\u00a0\u00a0\u00a0\u00a0\u00a0\u00a0\u00a0\u00a0 <\/strong>Hallo Herr Onken! Ich wollte mich noch einmal f\u00fcr den sch\u00f6nen Nachmittag am Sonntag bedanken. Das war wirklich toll. Den Vertrag habe ich weitergeleitet.\u00a0\u00a0\u00a0\u00a0\u00a0\u00a0\u00a0\u00a0\u00a0\u00a0 Liebe Gr\u00fc\u00dfe, H. H.<\/p>\n<p><strong>eMail an den Seemanns Chor Oldenburg (vom 20.09.2024):\u00a0\u00a0\u00a0\u00a0 \u00a0 \u00a0 \u00a0 \u00a0 \u00a0 \u00a0 \u00a0 \u00a0 \u00a0 \u00a0 \u00a0 \u00a0 \u00a0 \u00a0 \u00a0 \u00a0 \u00a0 \u00a0 \u00a0 \u00a0 \u00a0 \u00a0 \u00a0 \u00a0 \u00a0 \u00a0 \u00a0 \u00a0 \u00a0 \u00a0 \u00a0 \u00a0 \u00a0 \u00a0 \u00a0 \u00a0 \u00a0 \u00a0 \u00a0 \u00a0 \u00a0 \u00a0 \u00a0 \u00a0 \u00a0 \u00a0 \u00a0 \u00a0 \u00a0 \u00a0 \u00a0 \u00a0 \u00a0 \u00a0 \u00a0 \u00a0 \u00a0 \u00a0 \u00a0 \u00a0 \u00a0 \u00a0 \u00a0 \u00a0 \u00a0 \u00a0 \u00a0 \u00a0 \u00a0 \u00a0 \u00a0 \u00a0 \u00a0 \u00a0 \u00a0 \u00a0 \u00a0 \u00a0 \u00a0\u00a0 <\/strong> Moin Rainer, herzlichen Dank f\u00fcr alle Deine Bilder. Sch\u00f6n, dass Du so viele sch\u00f6ne Momente in den Bildern festgehalten hast.<br \/>\nEs sind wirklich nette Erinnerungen an das Festival auf dem Waffenplatz in Oldenburg.<br \/>\nWir, die Bisttalm\u00f6wen sind besonders stolz darauf da wir auf unsere Fotografin infolge Krankheit verzichten mussten.<br \/>\nSomit machst Du uns eine gro\u00dfe Freude damit , dass wir mit Deinen Aufnahmen arbeiten d\u00fcrfen.<br \/>\nNat\u00fcrlich denke ich an den Seemanns-Chor Oldenburg f\u00fcr eine zuk\u00fcnftige Veranstaltung in Saarbr\u00fccken.<br \/>\nGanz bestimmt laden wir euch zum 2. Mal nach Saarbr\u00fccken ein.<br \/>\nLiebe Gr\u00fc\u00dfe noch mal an alle Aktiven. Wir freuen uns auf ein Wiedersehen im Saarland.<br \/>\nHerzliche Gr\u00fc\u00dfe Siegfried\u00a0\u00a0\u00a0\u00a0\u00a0\u00a0\u00a0\u00a0\u00a0\u00a0\u00a0\u00a0\u00a0\u00a0\u00a0\u00a0\u00a0\u00a0\u00a0\u00a0\u00a0\u00a0\u00a0\u00a0\u00a0\u00a0\u00a0\u00a0\u00a0\u00a0\u00a0\u00a0\u00a0\u00a0\u00a0\u00a0\u00a0\u00a0\u00a0\u00a0\u00a0\u00a0\u00a0\u00a0\u00a0\u00a0\u00a0\u00a0\u00a0\u00a0\u00a0\u00a0\u00a0\u00a0\u00a0\u00a0\u00a0\u00a0<strong><br \/>\n<\/strong><\/p>\n<p><strong>eMail an den Seemanns Chor Oldenburg (vom 13.10.2023):\u00a0 \u00a0 \u00a0 \u00a0 \u00a0 \u00a0 \u00a0 \u00a0 \u00a0 \u00a0 \u00a0 \u00a0 \u00a0 \u00a0 \u00a0 \u00a0 \u00a0 \u00a0 \u00a0 \u00a0 \u00a0 \u00a0 \u00a0 \u00a0 \u00a0 \u00a0 \u00a0 \u00a0 \u00a0 \u00a0 \u00a0 \u00a0 \u00a0 \u00a0 \u00a0 \u00a0 \u00a0 \u00a0 \u00a0 \u00a0 \u00a0 \u00a0 \u00a0 \u00a0 \u00a0 \u00a0 \u00a0 \u00a0 \u00a0 \u00a0 \u00a0 \u00a0 \u00a0 \u00a0 \u00a0 \u00a0 \u00a0 \u00a0 \u00a0 \u00a0 \u00a0 \u00a0 \u00a0 \u00a0 \u00a0 \u00a0 \u00a0 \u00a0 \u00a0 \u00a0 \u00a0 \u00a0 \u00a0 \u00a0 \u00a0 \u00a0 \u00a0 \u00a0 \u00a0 \u00a0 \u00a0 \u00a0 <\/strong>Hallo Herr Onken, herzlichen Dank f\u00fcr den Auftritt des Seemannschores anl\u00e4sslich unseres Dorfjubil\u00e4ums in Tweelb\u00e4ke. Er ist sehr gut angekommen. Wir h\u00f6ren viel positives Feedback. Herzlichen Dank. Viele Gr\u00fc\u00dfe aus Tweelb\u00e4ke. M . M.<\/p>\n<p><strong>eMail an den Seemanns Chor Oldenburg (vom 12.10.2023):\u00a0 \u00a0 \u00a0 \u00a0 \u00a0 \u00a0 \u00a0 \u00a0 \u00a0 \u00a0 \u00a0 \u00a0 \u00a0 \u00a0 \u00a0 \u00a0 \u00a0 \u00a0 \u00a0 \u00a0 \u00a0 \u00a0 \u00a0 \u00a0 \u00a0 \u00a0 \u00a0 \u00a0 \u00a0 \u00a0 \u00a0 \u00a0 \u00a0 \u00a0 \u00a0 \u00a0 \u00a0 \u00a0 \u00a0 \u00a0 \u00a0 \u00a0 \u00a0 \u00a0 \u00a0 \u00a0 \u00a0 \u00a0 \u00a0 \u00a0 \u00a0 \u00a0 \u00a0 \u00a0 \u00a0 \u00a0 \u00a0 \u00a0 \u00a0 \u00a0 \u00a0 \u00a0 \u00a0 \u00a0 \u00a0 \u00a0 \u00a0 \u00a0 \u00a0 \u00a0 \u00a0 \u00a0 \u00a0 \u00a0 \u00a0 \u00a0 \u00a0 \u00a0 \u00a0 \u00a0 \u00a0 \u00a0 <\/strong>Hallo Herr Onken, der Auftritt des Chores war gut und passte zur Veranstaltung. Es h\u00e4tten mehr Besucher\/innen da sein k\u00f6nnen \u2026. Aber das kann man nicht beeinflussen. Vielen Dank \u2013 ich spreche Sie bei Bedarf wieder an.<br \/>\nBeste Gr\u00fc\u00dfe aus Hatten! M. F.<\/p>\n<p><strong>eMail an den Seemanns Chor Oldenburg (vom 11.10.2023):\u00a0 \u00a0<\/strong>\u00a0 \u00a0 \u00a0 \u00a0 \u00a0 \u00a0 \u00a0 \u00a0 \u00a0 \u00a0 \u00a0 \u00a0 \u00a0 \u00a0 \u00a0 \u00a0 \u00a0 \u00a0 \u00a0 \u00a0 \u00a0 \u00a0 \u00a0 \u00a0 \u00a0 \u00a0 \u00a0 \u00a0 \u00a0 \u00a0 \u00a0 \u00a0 \u00a0 \u00a0 \u00a0 \u00a0 \u00a0 \u00a0 \u00a0 \u00a0 \u00a0 \u00a0 \u00a0 \u00a0 \u00a0 \u00a0 \u00a0 \u00a0 \u00a0 \u00a0 \u00a0 \u00a0 \u00a0 \u00a0 \u00a0 \u00a0 \u00a0 \u00a0 \u00a0 \u00a0 \u00a0 \u00a0 \u00a0 \u00a0 \u00a0 \u00a0 \u00a0 \u00a0 \u00a0 \u00a0 \u00a0 \u00a0 \u00a0 \u00a0 \u00a0 \u00a0 \u00a0 Hallo Herr Onken, es war einfach der Hammer. Alle waren super begeistert. Ich kann diesen Tag nicht nochmal toppen, das hei\u00dft wenn der Chor noch besteht h\u00f6ren wir uns wieder. Ich hoffe, dass der Chor auch zufrieden war. L.G.und nochmals herzlichen Dank R. L.<\/p>\n<p><strong>eMail an den Seemanns Chor Oldenburg (vom 06.12.2022):<\/strong>\u00a0 \u00a0 \u00a0 \u00a0 \u00a0 \u00a0 \u00a0 \u00a0 \u00a0 \u00a0 \u00a0 \u00a0 \u00a0 \u00a0 \u00a0 \u00a0 \u00a0 \u00a0 \u00a0 \u00a0 \u00a0 \u00a0 \u00a0 \u00a0 \u00a0 \u00a0 \u00a0 \u00a0 \u00a0 \u00a0 \u00a0 \u00a0 \u00a0 \u00a0 \u00a0 \u00a0 \u00a0 \u00a0 \u00a0 \u00a0 \u00a0 \u00a0 \u00a0 \u00a0 \u00a0 \u00a0 \u00a0 \u00a0 \u00a0 \u00a0 \u00a0 \u00a0 \u00a0 \u00a0 \u00a0 \u00a0 \u00a0 \u00a0 \u00a0 \u00a0 \u00a0 \u00a0 \u00a0 \u00a0 \u00a0 \u00a0 \u00a0 \u00a0 \u00a0 \u00a0 \u00a0 \u00a0 \u00a0 \u00a0 \u00a0 \u00a0 \u00a0 \u00a0 \u00a0 Lieber Herr Onken! Das war eine sehr kompetente und sch\u00f6ne Pr\u00e4sentation des Seemannschores Oldenburg.<br \/>\nMit ihrem engagierten Gesang haben die Mitglieder und Sie, dazu beigetragen, dass die B\u00fcrgerinnen und B\u00fcrger ihrem Gesang zugeh\u00f6rt und dabei Gl\u00fchwein f\u00fcr einen sozialen Zweck getrunken haben.<br \/>\nHerzlichen Dank an den Chorleiter, auch f\u00fcr die Moderation, an die S\u00e4nger und an die Damen und Herren mit den Schifferklavieren.<br \/>\nDem SCO w\u00fcnsche ich am 17.12.2022 auf dem Lambertimarkt viel Erfolg. Mit freundlichen Gr\u00fc\u00dfen verbleibe ich Ihr G.K.<\/p>\n<p><strong>eMail an den Seemanns Chor Oldenburg (vom 18.08.2022):\u00a0 \u00a0 \u00a0 \u00a0 \u00a0 \u00a0 \u00a0 \u00a0 \u00a0 \u00a0 \u00a0 \u00a0 \u00a0 \u00a0 \u00a0 \u00a0 \u00a0 \u00a0 \u00a0 \u00a0 \u00a0 \u00a0 \u00a0 \u00a0 \u00a0 \u00a0 \u00a0 \u00a0 \u00a0 \u00a0 \u00a0 \u00a0 \u00a0 \u00a0 \u00a0 \u00a0 \u00a0 \u00a0 \u00a0 \u00a0 \u00a0 \u00a0 \u00a0 \u00a0 \u00a0 \u00a0 \u00a0 \u00a0 \u00a0 \u00a0 \u00a0 \u00a0 \u00a0 \u00a0 \u00a0 \u00a0 \u00a0 \u00a0 \u00a0 \u00a0 \u00a0 \u00a0 \u00a0 \u00a0 \u00a0 \u00a0 \u00a0 \u00a0 \u00a0 \u00a0 \u00a0 \u00a0 \u00a0 \u00a0 \u00a0 \u00a0 \u00a0 \u00a0 \u00a0 \u00a0 \u00a0 <\/strong>Moin Herr Behrens,<br \/>\nvielen Dank f\u00fcr das \u00dcbersenden der Quittung und noch einmal ein gro\u00dfes Dankesch\u00f6n f\u00fcr ihren tollen Auftritt. Beste Gr\u00fc\u00dfe M.H.<\/p>\n<p><strong>eMail an den Seemanns Chor Oldenburg (vom 25.04.2019):<\/strong><br \/>\nHallo Sangesfreunde aus Oldenburg.<br \/>\nIch habe mich gefreut, dass wir uns in Berlin getroffen haben und ein bisschen kennen lernen durften. Ich hoffe ihr hattet noch ein paar sch\u00f6ne Tage in Berlin. Ich fand den Tag sehr sch\u00f6n und die Gespr\u00e4che am Abend bei einem Glas Bier auch. Ich w\u00fcnsche euch weiter viel Spa\u00df und Erfolg bei euren Auftritten . Vielleicht trifft man sich irgend wann wieder.<br \/>\nViele Gr\u00fc\u00dfe aus Halle von dem Seeteufel Lothar.<\/p>\n<p><strong>eMail an den Seemanns Chor Oldenburg (vom 14.02.2018):<br \/>\n<\/strong>Hallo Herr Behrens,<br \/>\nich hoffe Sie k\u00f6nnen sich noch an mich erinnern. Wir haben auch dieses Jahr ein Sommerfest in unserem Haus.\u00a0Das w\u00e4re am Samstag, den 23.06.18 (Falls sie die WM verfolgen wollen, Deutschland spielt erst um 20:00 Uhr ).\u00a0Sie waren ja vor 2 Jahren in unserer Einrichtung und unsere Bewohner schw\u00e4rmen noch immer von ihrem Auftritt.\u00a0Ich w\u00fcrde mich freuen, wenn Sie f\u00fcr uns Zeit haben.<br \/>\nmit freundlichen Gr\u00fc\u00dfen\u00a0aus Oldenburg<br \/>\nI.O.<\/p>\n<p><strong>eMail an den Seemanns Chor Oldenburg (vom 04.01.2018):<\/strong><br \/>\nMoin !<br \/>\nIm vergangenen Jahr haben Sie bei uns in der Einrichtung einen so wundervollen Auftritt\u00a0durchgef\u00fchrt &#8211; Bewohner und Mitarbeiter waren begeistert, drum m\u00f6chte ich Sie bitten,\u00a0ob sie am Rosenmontag 12.02.2018 Zeit und Lust h\u00e4tten ein weiteres Mal zu singen,\u00a0fr\u00f6hliche Lieder zum Thema Fasching.\u00a0Ich freue mich auf Ihre R\u00fcckmeldung und w\u00fcnsche ein sch\u00f6nes entspanntes erstes Wochenende 2018.<br \/>\nMit freundlichen Gr\u00fc\u00dfen<br \/>\nA. S.<\/p>\n<p><strong><br \/>\neMail an den Seemanns Chor Oldenburg (vom 22.11.2017):<\/strong><br \/>\nBetreff: Kartenbestellung<br \/>\nMoin lieber Seemanns Chor Oldenburg,\u00a0wir haben euch vor kurzem in der Umbaubar geh\u00f6rt und waren ganz begeistert.\u00a0Nun m\u00f6chte ich meinem Vater Karten f\u00fcr euer Jahresabschlusskonzert im Lindenhof am 17.12.2017 schenken.\u00a0Falls noch vorhanden, bestelle ich hiermit vier Karten f\u00fcr das Konzert.\u00a0Ich bin unter den angegebenen Telefonnummern oder per mail zu erreichen.<br \/>\nLiebe Gr\u00fc\u00dfe<br \/>\nC. O.<br \/>\n<strong><br \/>\neMail an den Seemanns Chor Oldenburg (vom 24.10.2017):<br \/>\n<\/strong>Betreff: Spendenkonto<br \/>\nMoin,\u00a0nach dem tollen Auftritt in der &#8222;umbaubar&#8220; wollte ich dem Seemannschor noch ein paar Euros zukommen lassen,\u00a0weil die Kehlen ja immer ge\u00f6lt werden m\u00fcssen.\u00a0Leider finde ich jedoch auf der HP keine Kontoverbindung. W\u00fcrden Sie mir diese mitteilen?<br \/>\nViele Gr\u00fc\u00dfe aus Osternburg<br \/>\nL. Z.<\/p>\n<p><strong>eMail an den Seemanns Chor Oldenburg (vom 21.05.2017):<\/strong><br \/>\nLieber Herr Behrens,<br \/>\nAuch Ihre zweite CD ist wohlbehalten bei mir angekommen. Ganz herzlichen Dank auch daf\u00fcr!<br \/>\nMittlerweile habe ich mir den Inhalt beider CDs auf mein Smartphone kopiert und so h\u00f6re ich derzeit jeden Tag morgens auf dem Weg zur Arbeit im Zug von Geislingen an der Steige nach Neu-Ulm in Bayern und abends auf dem Weg zur\u00fcck nach Hause von Neu-Ulm nach Geislingen die vom Seemanns Chor Oldenburg so wundersch\u00f6n interpretierten Seemannslieder.<br \/>\nUnd jeden Tag freue ich mich sehr an dieser Musik. Ein guter Einstieg in jeden neuen Arbeitstag, ohne jeglichen Zweifel!<br \/>\nSehr gerne w\u00fcnsche ich Ihnen einen erholsamen und gesegneten Sonntag und danke Ihnen nochmals f\u00fcr Ihre freundlichen Bem\u00fchungen.<br \/>\nMit herzlichen Gr\u00fc\u00dfen aus Geislingen an der Steige!<br \/>\nB. M.<\/p>\n<p><strong>eMail an den Seemanns Chor Oldenburg (vom 06.02.2017):<\/strong><br \/>\nGr\u00fc\u00df Gott, lieber Herr Behrens,<br \/>\nganz herzlichen Dank f\u00fcr Ihre schnelle und so erstklassige R\u00fcckmeldung. \u00dcber die CD &#8222;\u00dcber uns der blaue Himmel \u2013 1995 \u2013 Seemanns-Chor\u00a0Oldenburg\u201c w\u00fcrde ich mich riesig freuen. Bitte, teilen Sie mir gelegentlich mit, welchen Betrag ich Ihnen vorab f\u00fcr die CD \u00fcberweisen soll. Ich w\u00fcrde die \u00dcberweisung umgehend erledigen.\u00a0Ihren Seemanns Chor Oldenburg h\u00f6re ich immer wieder sehr gerne \u00fcber die Internet-Radiostation &#8222;SEEMANNSRADIO&#8220; (Radio Lila). Maritimer Chorgesang macht Herz und Seele froh.\u00a0Nochmals ganz herzlichen Dank f\u00fcr Ihr tolles Angebot. Auf die Zusendung der CD freue ich mich riesig !<br \/>\nMit herzlichen Gr\u00fc\u00dfen aus\u00a0Geislingen\/Eybach<br \/>\nB. M.<\/p>\n<p><strong>eMail an den Seemanns Chor Oldenburg (vom 31.10.2016):<\/strong><br \/>\nHallo Herr Behrens,<br \/>\nals Anlage die noch fehlenden Handy-Bilder der Vorgartenfeier des BV-B\u00fcrgerfelde am 30.11.2016 im Gertrudenheim.<br \/>\nVielen Dank nochmals an alle Mitglieder des Seemannchors . Es war eine sehr sch\u00f6ne Vorgartenfeier mit dem Seemannschor Oldenburg.<br \/>\nGru\u00df\u00a0Gerd Helms<\/p>\n<p>Hallo Herr Behrens,<br \/>\nals Anlage die letzte Videosequenz &#8211; Nochmals Vielen Dank &#8211; Es war Super!!!!<br \/>\nGru\u00df\u00a0Gerd Helms<\/p>\n<p><strong>eMail an den Seemanns Chor Oldenburg (vom 29.08.2016):<\/strong><br \/>\nSehr geehrter Herr Behrens,<br \/>\nwie Freitag besprochen w\u00fcrden wir den Seemanns Chor Oldenburg e.V. gerne auch f\u00fcr 2017 schon buchen, und zwar f\u00fcr den 25.08.2017, 18.30 Uhr.\u00a0Wir bitten um Terminbest\u00e4tigung\/R\u00fcckmeldung bis zum 02.09.2016, damit das Konzert ggf. noch in den D\u00f6tlinger Veranstaltungskalender 2017 mit aufgenommen werden kann.\u00a0Unabh\u00e4ngig davon bedanken wir uns nochmal f\u00fcr den gelungenen Auftritt, Bewohner, G\u00e4ste und Mitarbeiter hatten viel Spa\u00df und waren sehr zufrieden.<br \/>\nMit freundlichen Gr\u00fc\u00dfen<br \/>\ni.A. C. S.\u00a0Wohn- und Ferienhaus e. V.\u00a0&#8211; Verwaltung &#8211;\u00a0Geveshauser H\u00f6he 7\u00a027801 Neerstedt<\/p>\n<p><strong>eMail an den Seemanns Chor Oldenburg (vom 27.07.2016):<\/strong><br \/>\nHallo Christian,<br \/>\nes hat uns mit Euch viel Spass gemacht und hoffe, wir k\u00f6nnen es wiederholen ! Viele Gr\u00fc\u00dfe Birgitt<br \/>\n<em>(Anm. der Redaktion: Birgitt ist die &#8222;Power-Dirigentin&#8220; und Chorleiterin des\u00a0Vegesacker Seemanns-Chores mit dem wir 2014 in Halle und am 23.07.16 in Wittenberge aufgetreten sind&#8230;)<\/em><\/p>\n<p><strong>eMail an den Seemanns Chor Oldenburg (vom 22.12.2015):<\/strong><br \/>\nHallo Christian,\u00a0an dieser Stelle noch einmal ein ganz herzliches Dankesch\u00f6n f\u00fcr Euren Auftritt bei unserer Weihnachtsfeier. Alle Mitglieder waren sehr zufrieden und gl\u00fccklich dar\u00fcber, dass man vereins\u00fcbergreifend zusammen arbeiten m\u00f6chte.\u00a0Ich w\u00fcnsche Dir und Deiner Familie besinnliche Feiertage und einen Guten Rutsch ins Jahr 2016.<br \/>\nMit freundlichem Gru\u00df<br \/>\nG. L.<\/p>\n<p><strong>eMail an den Seemanns Chor Oldenburg (vom 05.12.2015):<\/strong><br \/>\nMoin Herr Behrens,\u00a0hiermit bestelle ich eine CD mit Seemannsliedern vom Seemanns Chor Oldenburg.\u00a0Nochmals vielen Dank f\u00fcr den Auftritt bei unserer Jahresabschlussfeier. \u00a0Ist sehr gut bei den Mitgliedern angekommen.<br \/>\nMit freundlichen Gr\u00fcssen<br \/>\nP. D.<\/p>\n<p><strong>eMail an den Seemanns Chor Oldenburg (vom 22.09.2015):<\/strong><br \/>\nLieber Herr Behrens,\u00a0der Auftritt ihres Chores war das Highlight des Geburtstages. Es hat allen viel Spa\u00df gemacht und vor allem meinem Vater. Die \u00dcberraschung war gelungen. Und dass er auch noch mitsingen konnte war besonders sch\u00f6n. Vielen Dank noch einmal f\u00fcr den Einsatz und dass es so kurzfristig geklappt hat und Sie so zahlreich erschienen waren. N\u00e4chstes Mal planen wir fr\u00fcher!<br \/>\nViele Gr\u00fc\u00dfe aus K.<br \/>\nD. A.<br \/>\n<a href=\"https:\/\/www.seemannschoroldenburg.de\/wp-content\/uploads\/2017\/01\/www-logo-TEXT.png\"><img loading=\"lazy\" decoding=\"async\" class=\"aligncenter size-full wp-image-1760\" src=\"https:\/\/www.seemannschoroldenburg.de\/wp-content\/uploads\/2017\/01\/www-logo-TEXT.png\" alt=\"\" width=\"986\" height=\"79\" srcset=\"https:\/\/www.seemannschoroldenburg.de\/wp-content\/uploads\/2017\/01\/www-logo-TEXT.png 986w, https:\/\/www.seemannschoroldenburg.de\/wp-content\/uploads\/2017\/01\/www-logo-TEXT-300x24.png 300w, https:\/\/www.seemannschoroldenburg.de\/wp-content\/uploads\/2017\/01\/www-logo-TEXT-768x62.png 768w, https:\/\/www.seemannschoroldenburg.de\/wp-content\/uploads\/2017\/01\/www-logo-TEXT-100x8.png 100w, https:\/\/www.seemannschoroldenburg.de\/wp-content\/uploads\/2017\/01\/www-logo-TEXT-150x12.png 150w, https:\/\/www.seemannschoroldenburg.de\/wp-content\/uploads\/2017\/01\/www-logo-TEXT-200x16.png 200w, https:\/\/www.seemannschoroldenburg.de\/wp-content\/uploads\/2017\/01\/www-logo-TEXT-450x36.png 450w, https:\/\/www.seemannschoroldenburg.de\/wp-content\/uploads\/2017\/01\/www-logo-TEXT-600x48.png 600w, https:\/\/www.seemannschoroldenburg.de\/wp-content\/uploads\/2017\/01\/www-logo-TEXT-900x72.png 900w\" sizes=\"auto, (max-width: 986px) 100vw, 986px\" \/><\/a><\/p>","protected":false},"excerpt":{"rendered":"<p>Via WhatsApp (09.03.2025) : Hallo Herr Onken, hat gestern alles super prima geklappt. Mein Mann hat sich sehr sehr gefreut und freut sich jetzt schon auf den kommenden Sonntag. Es war einfach toll. Vielen Dank nochmal. LG und weiterhin viel &hellip;<\/p>\n<p class=\"read-more\"> <a class=\"more-link\" href=\"https:\/\/www.seemannschoroldenburg.de\/?page_id=1211\"> <span class=\"screen-reader-text\">TalkTalk<\/span> Read More &raquo;<\/a><\/p>\n","protected":false},"author":1,"featured_media":0,"parent":0,"menu_order":0,"comment_status":"closed","ping_status":"closed","template":"","meta":{"footnotes":""},"class_list":["post-1211","page","type-page","status-publish","hentry"],"_links":{"self":[{"href":"https:\/\/www.seemannschoroldenburg.de\/index.php?rest_route=\/wp\/v2\/pages\/1211","targetHints":{"allow":["GET"]}}],"collection":[{"href":"https:\/\/www.seemannschoroldenburg.de\/index.php?rest_route=\/wp\/v2\/pages"}],"about":[{"href":"https:\/\/www.seemannschoroldenburg.de\/index.php?rest_route=\/wp\/v2\/types\/page"}],"author":[{"embeddable":true,"href":"https:\/\/www.seemannschoroldenburg.de\/index.php?rest_route=\/wp\/v2\/users\/1"}],"replies":[{"embeddable":true,"href":"https:\/\/www.seemannschoroldenburg.de\/index.php?rest_route=%2Fwp%2Fv2%2Fcomments&post=1211"}],"version-history":[{"count":136,"href":"https:\/\/www.seemannschoroldenburg.de\/index.php?rest_route=\/wp\/v2\/pages\/1211\/revisions"}],"predecessor-version":[{"id":4615,"href":"https:\/\/www.seemannschoroldenburg.de\/index.php?rest_route=\/wp\/v2\/pages\/1211\/revisions\/4615"}],"wp:attachment":[{"href":"https:\/\/www.seemannschoroldenburg.de\/index.php?rest_route=%2Fwp%2Fv2%2Fmedia&parent=1211"}],"curies":[{"name":"wp","href":"https:\/\/api.w.org\/{rel}","templated":true}]}}